{"id":3,"date":"2025-10-05T18:27:36","date_gmt":"2025-10-05T18:27:36","guid":{"rendered":"http:\/\/hausbauenuruguay.com\/?page_id=3"},"modified":"2026-02-17T22:33:16","modified_gmt":"2026-02-17T22:33:16","slug":"privacy-policy","status":"publish","type":"page","link":"https:\/\/hausbauenuruguay.com\/es\/privacy-policy\/","title":{"rendered":"Privacy Policy"},"content":{"rendered":"<h1>Datenschutzerkl\u00e4rung<\/h1> <p>Zuletzt aktualisiert: 03. Dezember 2025<\/p> <p>Diese Datenschutzerkl\u00e4rung beschreibt Unsere Richtlinien und Verfahren zur Erhebung, Nutzung und Offenlegung Ihrer Informationen, wenn Sie den Dienst nutzen, und informiert Sie \u00fcber Ihre Datenschutzrechte und wie das Gesetz Sie sch\u00fctzt.<\/p> <p>Wir verwenden Ihre pers\u00f6nlichen Daten, um den Dienst bereitzustellen und zu verbessern. Durch die Nutzung des Dienstes stimmen Sie der Erfassung und Verwendung von Informationen gem\u00e4\u00df dieser Datenschutzerkl\u00e4rung zu. Diese Datenschutzerkl\u00e4rung wurde mit Hilfe des <a href=\"https:\/\/www.termsfeed.com\/privacy-policy-generator\/\" target=\"_blank\">Privacy Policy Generator<\/a> erstellt.<\/p> <h2>Interpretation und Definitionen<\/h2> <h3>Interpretation<\/h3> <p>W\u00f6rter, deren Anfangsbuchstaben gro\u00df geschrieben sind, haben unter den folgenden Bedingungen definierte Bedeutungen. Die folgenden Definitionen gelten unabh\u00e4ngig davon, ob sie im Singular oder im Plural erscheinen.<\/p> <h3>Definitionen<\/h3> <p>F\u00fcr die Zwecke dieser Datenschutzerkl\u00e4rung:<\/p> <ul> <li> <p><strong>Konto<\/strong> bedeutet ein einzigartiges Konto, das f\u00fcr Sie erstellt wurde, um auf unseren Dienst oder Teile unseres Dienstes zuzugreifen.<\/p> <\/li> <li> <p><strong>Affiliate<\/strong> bedeutet eine Einheit, die eine Partei kontrolliert, von ihr kontrolliert wird oder unter gemeinsamer Kontrolle mit einer Partei steht, wobei \u201eKontrolle\u201c den Besitz von 50% oder mehr der Aktien, Anteilsrechte oder anderer Wertpapiere bezeichnet, die zur Wahl von Direktoren oder anderer leitender Beh\u00f6rden berechtigen.<\/p> <\/li> <li> <p><strong>Unternehmen<\/strong> (bezeichnet als \u201edas Unternehmen\u201c, \u201eWir\u201c, \u201eUns\u201c oder \u201eUnser\u201c in dieser Vereinbarung) bezieht sich auf Haus Bauen Uruguay.<\/p> <\/li> <li> <p><strong>Cookies<\/strong> sind kleine Dateien, die auf Ihrem Computer, Mobilger\u00e4t oder einem anderen Ger\u00e4t von einer Website abgelegt werden und Details Ihres Browserverlaufs auf dieser Website enthalten, unter anderen Verwendungszwecken.<\/p> <\/li> <li> <p><strong>Land<\/strong> bezeichnet: Uruguay<\/p> <\/li> <li> <p><strong>Ger\u00e4t<\/strong> bedeutet jedes Ger\u00e4t, das auf den Dienst zugreifen kann, wie ein Computer, ein Mobiltelefon oder ein digitaler Tablet.<\/p> <\/li> <li> <p><strong>Personenbezogene Daten<\/strong> sind alle Informationen, die sich auf eine identifizierte oder identifizierbare nat\u00fcrliche Person beziehen.<\/p> <\/li> <li> <p><strong>Dienst<\/strong> bezeichnet die Website.<\/p> <\/li> <li> <p><strong>Dienstanbieter<\/strong> bezeichnet nat\u00fcrliche oder juristische Personen, die Daten im Auftrag des Unternehmens verarbeiten. Dies bezieht sich auf Drittunternehmen oder Einzelpersonen, die vom Unternehmen besch\u00e4ftigt werden, um den Dienst zu erleichtern, ihn im Namen des Unternehmens bereitzustellen, Dienstleistungen in Zusammenhang mit dem Dienst auszuf\u00fchren oder das Unternehmen bei der Analyse der Nutzung des Dienstes zu unterst\u00fctzen.<\/p> <\/li> <li> <p><strong>Nutzungsdaten<\/strong> bezeichnet automatisch erhobene Daten, entweder durch die Nutzung des Dienstes generiert oder von der Dienstinfrastruktur selbst (z. B. Dauer eines Seitenbesuchs).<\/p> <\/li> <li> <p><strong>Website<\/strong> bezeichnet Haus Bauen Uruguay, zug\u00e4nglich unter <a href=\"https:\/\/hausbauenuruguay.com\/es\/\" rel=\"external nofollow noopener\" target=\"_blank\">https:\/\/hausbauenuruguay.com\/<\/a><\/p> <\/li> <li> <p><strong>Sie<\/strong> bezeichnet die Person, die auf den Dienst zugreift oder ihn nutzt, oder das Unternehmen oder eine andere juristische Person, in deren Auftrag eine solche Person auf den Dienst zugreift oder ihn nutzt, je nach Anwendbarkeit.<\/p> <\/li> <\/ul> <h2>Erhebung und Verwendung Ihrer personenbezogenen Daten<\/h2> <h3>Arten der gesammelten Daten<\/h3> <h4>Personenbezogene Daten<\/h4> <p>W\u00e4hrend der Nutzung Unseres Dienstes k\u00f6nnen Wir Sie bitten, uns bestimmte pers\u00f6nlich identifizierbare Informationen zur Verf\u00fcgung zu stellen, die verwendet werden k\u00f6nnen, um Sie zu kontaktieren oder zu identifizieren. Pers\u00f6nlich identifizierbare Informationen k\u00f6nnen, sind aber nicht beschr\u00e4nkt auf:<\/p> <ul> <li> <p>E-Mail-Adresse<\/p> <\/li> <li> <p>Telefonnummer<\/p> <\/li> <li> <p>Nutzungsdaten<\/p> <\/li> <\/ul> <h4>Nutzungsdaten<\/h4> <p>Nutzungsdaten werden automatisch bei der Nutzung des Dienstes erfasst.<\/p> <p>Nutzungsdaten k\u00f6nnen Informationen wie die Internet-Protokolladresse (IP-Adresse) Ihres Ger\u00e4ts, Browsertyp, Browserversion, die Seiten unseres Dienstes, die Sie besuchen, Datum und Uhrzeit Ihres Besuchs, die auf diesen Seiten verbrachte Zeit, eindeutige Ger\u00e4tekennungen und andere Diagnosedaten enthalten.<\/p> <p>Wenn Sie den Dienst \u00fcber ein mobiles Ger\u00e4t aufrufen, k\u00f6nnen Wir bestimmte Informationen automatisch erfassen, einschlie\u00dflich, aber nicht beschr\u00e4nkt auf den Typ des mobilen Ger\u00e4ts, die eindeutige ID Ihres mobilen Ger\u00e4ts, die IP-Adresse Ihres mobilen Ger\u00e4ts, Ihr mobiles Betriebssystem, den Typ des mobilen Internetbrowsers, eindeutige Ger\u00e4tekennungen und andere Diagnosedaten.<\/p> <p>Wir k\u00f6nnen auch Informationen sammeln, die Ihr Browser sendet, wann immer Sie Unseren Dienst besuchen oder wenn Sie den Dienst \u00fcber ein mobiles Ger\u00e4t nutzen.<\/p> <h4>Tracking-Technologien und Cookies<\/h4> <p>Wir verwenden Cookies und \u00e4hnliche Tracking-Technologien, um die Aktivit\u00e4ten auf Unserem Dienst zu verfolgen und bestimmte Informationen zu speichern. Zu den von Uns genutzten Tracking-Technologien geh\u00f6ren Beacons, Tags und Skripte, um Informationen zu sammeln und zu verfolgen und unseren Dienst zu verbessern und zu analysieren. Die von Uns verwendeten Technologien k\u00f6nnen beinhalten:<\/p> <ul> <li><strong>Cookies oder Browser-Cookies.<\/strong> Ein Cookie ist eine kleine Datei, die auf Ihrem Ger\u00e4t abgelegt wird. Sie k\u00f6nnen Ihren Browser anweisen, alle Cookies abzulehnen oder anzuzeigen, wann ein Cookie gesendet wird. Wenn Sie Cookies jedoch nicht akzeptieren, k\u00f6nnen Sie einige Teile unseres Dienstes m\u00f6glicherweise nicht nutzen. Sofern Sie die Browsereinstellungen nicht so angepasst haben, dass Cookies abgelehnt werden, kann unser Dienst Cookies verwenden.<\/li> <li><strong>Web Beacons.<\/strong> Bestimmte Abschnitte unseres Dienstes und unserer E-Mails k\u00f6nnen kleine elektronische Dateien namens Web Beacons enthalten (auch als klare GIFs, Pixel-Tags und Einzel-Pixel-GIFs bezeichnet), die es dem Unternehmen erm\u00f6glichen, zum Beispiel Nutzer zu z\u00e4hlen, die diese Seiten besucht oder eine E-Mail ge\u00f6ffnet haben, und f\u00fcr andere damit verbundene Website-Statistiken (z. B. zur Erfassung der Beliebtheit bestimmter Abschnitte und zur \u00dcberpr\u00fcfung der System- und Serverintegrit\u00e4t).<\/li> <\/ul> <p>Cookies k\u00f6nnen \u201epersistent\u201c oder \u201eSession\u201c-Cookies sein. Persistente Cookies verbleiben auf Ihrem Computer oder mobilen Ger\u00e4t, wenn Sie offline gehen, w\u00e4hrend Session-Cookies gel\u00f6scht werden, sobald Sie Ihren Webbrowser schlie\u00dfen. Weitere Informationen zu Cookies finden Sie im <a href=\"https:\/\/www.termsfeed.com\/blog\/cookies\/#What_Are_Cookies\" target=\"_blank\">TermsFeed-Artikel \u00fcber Cookies<\/a>.<\/p> <p>Wir verwenden sowohl Session- als auch Persistente Cookies f\u00fcr die unten aufgef\u00fchrten Zwecke:<\/p> <ul> <li> <p><strong>Notwendige \/ essentielle Cookies<\/strong><\/p> <p>Typ: Session-Cookies<\/p> <p>Verwaltet von: Uns<\/p> <p>Zweck: Diese Cookies sind essentiell, um Ihnen Dienste bereitzustellen, die \u00fcber die Website verf\u00fcgbar sind, und um Ihnen die Nutzung einiger Funktionen zu erm\u00f6glichen. Sie helfen, Benutzer zu authentifizieren und betr\u00fcgerische Nutzung von Benutzerkonten zu verhindern. Ohne diese Cookies k\u00f6nnen die von Ihnen angeforderten Dienste nicht bereitgestellt werden, und Wir verwenden diese Cookies nur zu diesem Zweck.<\/p> <\/li> <li> <p><strong>Cookie-Richtlinien- \/ Zustimmungs-Cookies<\/strong><\/p> <p>Typ: Persistente Cookies<\/p> <p>Verwaltet von: Uns<\/p> <p>Zweck: Diese Cookies erkennen, ob Nutzer der Verwendung von Cookies auf der Website zugestimmt haben.<\/p> <\/li> <li> <p><strong>Funktionalit\u00e4ts-Cookies<\/strong><\/p> <p>Typ: Persistente Cookies<\/p> <p>Verwaltet von: Uns<\/p> <p>Zweck: Diese Cookies erm\u00f6glichen es uns, Entscheidungen zu speichern, die Sie bei der Nutzung der Website treffen, wie z. B. Ihre Anmeldedaten oder Spracheinstellungen. Ziel dieser Cookies ist es, Ihnen ein pers\u00f6nlicheres Erlebnis zu bieten und zu vermeiden, dass Sie Ihre Einstellungen bei jeder Nutzung der Website neu eingeben m\u00fcssen.<\/p> <\/li> <\/ul> <p>Weitere Informationen \u00fcber die Cookies, die wir verwenden, und Ihre Optionen bez\u00fcglich Cookies finden Sie in unserer Cookie-Richtlinie oder im Abschnitt Cookies unserer Datenschutzerkl\u00e4rung.<\/p> <h3>Verwendung Ihrer personenbezogenen Daten<\/h3> <p>Das Unternehmen kann personenbezogene Daten f\u00fcr folgende Zwecke verwenden:<\/p> <ul> <li> <p><strong>Bereitstellung und Wartung unseres Dienstes<\/strong>, einschlie\u00dflich der \u00dcberwachung der Nutzung unseres Dienstes.<\/p> <\/li> <li> <p><strong>Verwaltung Ihres Kontos:<\/strong> Zur Verwaltung Ihrer Registrierung als Nutzer des Dienstes. Die von Ihnen bereitgestellten personenbezogenen Daten k\u00f6nnen Ihnen Zugang zu verschiedenen Funktionen des Dienstes verschaffen, die registrierten Nutzern zur Verf\u00fcgung stehen.<\/p> <\/li> <li> <p><strong>Zur Durchf\u00fchrung eines Vertrags:<\/strong> Die Entwicklung, Einhaltung und Erf\u00fcllung des Kaufvertrags f\u00fcr Produkte, Artikel oder Dienstleistungen, die Sie gekauft haben, oder eines anderen Vertrags mit uns \u00fcber den Dienst.<\/p> <\/li> <li> <p><strong>Kontaktaufnahme mit Ihnen:<\/strong> Um Sie per E-Mail, Telefon, SMS oder anderen gleichwertigen elektronischen Kommunikationsformen zu kontaktieren, z. B. Push-Benachrichtigungen einer mobilen Anwendung bez\u00fcglich Updates oder informativer Mitteilungen zu Funktionen, Produkten oder beauftragten Dienstleistungen, einschlie\u00dflich Sicherheitsupdates, wenn dies notwendig oder angemessen ist.<\/p> <\/li> <li> <p><strong>Bereitstellung von Neuigkeiten, Sonderangeboten und allgemeinen Informationen<\/strong> \u00fcber andere Waren, Dienstleistungen und Veranstaltungen, die wir anbieten und die denen \u00e4hneln, die Sie bereits gekauft oder angefragt haben, sofern Sie dem Erhalt solcher Informationen nicht widersprochen haben.<\/p> <\/li> <li> <p><strong>Verwaltung Ihrer Anfragen:<\/strong> Bearbeitung und Verwaltung Ihrer Anfragen an uns.<\/p> <\/li> <li> <p><strong>Gesch\u00e4fts\u00fcbertragungen:<\/strong> Wir k\u00f6nnen Ihre Informationen verwenden, um eine Fusion, Ausgliederung, Umstrukturierung, Aufl\u00f6sung oder einen anderen Verkauf oder Transfer von einigen oder allen unseren Verm\u00f6genswerten zu bewerten oder durchzuf\u00fchren, sei es als laufendes Gesch\u00e4ft oder im Rahmen eines Insolvenz-, Liquidations- oder \u00e4hnlichen Verfahrens, bei dem personenbezogene Daten der Nutzer zu den \u00fcbertragenen Verm\u00f6genswerten geh\u00f6ren.<\/p> <\/li> <li> <p><strong>F\u00fcr sonstige Zwecke<\/strong>: Wir k\u00f6nnen Ihre Informationen f\u00fcr andere Zwecke verwenden, z. B. Datenanalyse, Erkennung von Nutzungstrends, Bestimmung der Wirksamkeit unserer Werbekampagnen und zur Bewertung und Verbesserung unseres Dienstes, unserer Produkte, Dienstleistungen, Marketing und Ihrer Erfahrung.<\/p> <\/li> <\/ul> <p>Wir k\u00f6nnen Ihre personenbezogenen Daten in folgenden Situationen weitergeben:<\/p> <ul> <li><strong>Mit Dienstleistern:<\/strong> Wir k\u00f6nnen Ihre Daten mit Dienstleistern teilen, um die Nutzung unseres Dienstes zu \u00fcberwachen und zu analysieren oder um Sie zu kontaktieren.<\/li> <li><strong>Bei Gesch\u00e4fts\u00fcbertragungen:<\/strong> Wir k\u00f6nnen Ihre Daten im Zusammenhang mit oder w\u00e4hrend Verhandlungen \u00fcber eine Fusion, den Verkauf von Unternehmensverm\u00f6gen, Finanzierung oder \u00dcbernahme unseres Gesch\u00e4fts an ein anderes Unternehmen weitergeben oder \u00fcbertragen.<\/li> <li><strong>Mit verbundenen Unternehmen:<\/strong> Wir k\u00f6nnen Ihre Daten mit unseren verbundenen Unternehmen teilen, wobei wir diese verpflichten, diese Datenschutzerkl\u00e4rung einzuhalten. Verbundene Unternehmen sind unsere Muttergesellschaft sowie andere Tochtergesellschaften, Joint-Venture-Partner oder andere Unternehmen, die wir kontrollieren oder mit denen wir unter gemeinsamer Kontrolle stehen.<\/li> <li><strong>Mit Gesch\u00e4ftspartnern:<\/strong> Wir k\u00f6nnen Ihre Daten mit unseren Gesch\u00e4ftspartnern teilen, um Ihnen bestimmte Produkte, Dienstleistungen oder Promotionen anzubieten.<\/li> <li><strong>Mit anderen Nutzern:<\/strong> Wenn Sie pers\u00f6nliche Informationen teilen oder auf andere Weise in \u00f6ffentlichen Bereichen mit anderen Nutzern interagieren, k\u00f6nnen diese Informationen von allen Nutzern gesehen und \u00f6ffentlich au\u00dferhalb verbreitet werden.<\/li> <li><strong>Mit Ihrer Zustimmung:<\/strong> Wir k\u00f6nnen Ihre personenbezogenen Daten f\u00fcr andere Zwecke mit Ihrer Zustimmung offenlegen.<\/li> <\/ul> <h3>Aufbewahrung Ihrer personenbezogenen Daten<\/h3> <p>Das Unternehmen bewahrt Ihre personenbezogenen Daten nur so lange auf, wie es f\u00fcr die in dieser Datenschutzerkl\u00e4rung genannten Zwecke erforderlich ist. Wir bewahren und verwenden Ihre personenbezogenen Daten in dem Umfang auf, wie es erforderlich ist, um unseren gesetzlichen Verpflichtungen nachzukommen (z. B. wenn wir verpflichtet sind, Ihre Daten gesetzlich aufzubewahren), Streitigkeiten zu kl\u00e4ren und unsere gesetzlichen Vereinbarungen und Richtlinien durchzusetzen.<\/p> <p>Das Unternehmen bewahrt auch Nutzungsdaten f\u00fcr interne Analysezwecke auf. Nutzungsdaten werden in der Regel f\u00fcr einen k\u00fcrzeren Zeitraum aufbewahrt, au\u00dfer wenn diese Daten zur St\u00e4rkung der Sicherheit oder Verbesserung der Funktionalit\u00e4t unseres Dienstes verwendet werden oder wir gesetzlich verpflichtet sind, diese l\u00e4nger aufzubewahren.<\/p> <h3>\u00dcbertragung Ihrer personenbezogenen Daten<\/h3> <p>Ihre Informationen, einschlie\u00dflich personenbezogener Daten, werden in den B\u00fcros des Unternehmens und an anderen Orten verarbeitet, an denen die an der Verarbeitung beteiligten Parteien ihren Sitz haben. Dies bedeutet, dass diese Informationen auf Computer \u00fcbertragen werden k\u00f6nnen, die sich au\u00dferhalb Ihres Staates, Ihrer Provinz, Ihres Landes oder einer anderen Regierungsbeh\u00f6rde befinden, deren Datenschutzgesetze von denen Ihrer Gerichtsbarkeit abweichen k\u00f6nnen.<\/p> <p>Ihre Zustimmung zu dieser Datenschutzerkl\u00e4rung und das \u00dcbermitteln solcher Informationen stellen Ihre Zustimmung zu dieser \u00dcbertragung dar.<\/p> <p>Das Unternehmen wird alle angemessenen Schritte unternehmen, um sicherzustellen, dass Ihre Daten sicher und in \u00dcbereinstimmung mit dieser Datenschutzerkl\u00e4rung behandelt werden. Es findet kein Transfer Ihrer personenbezogenen Daten an eine Organisation oder ein Land statt, es sei denn, es bestehen angemessene Schutzma\u00dfnahmen, einschlie\u00dflich der Sicherheit Ihrer Daten und anderer personenbezogener Informationen.<\/p> <h3>L\u00f6schen Ihrer personenbezogenen Daten<\/h3> <p>Sie haben das Recht, die L\u00f6schung Ihrer personenbezogenen Daten zu verlangen oder dass Wir Ihnen hierbei helfen.<\/p> <p>Unser Dienst kann Ihnen die M\u00f6glichkeit bieten, bestimmte Informationen \u00fcber Sie aus dem Dienst zu l\u00f6schen.<\/p> <p>Sie k\u00f6nnen Ihre Informationen jederzeit aktualisieren, \u00e4ndern oder l\u00f6schen, indem Sie sich in Ihr Konto einloggen, falls vorhanden, und den Bereich zur Verwaltung Ihrer personenbezogenen Daten besuchen. Sie k\u00f6nnen uns auch kontaktieren, um Zugriff auf, Korrektur oder L\u00f6schung von pers\u00f6nlichen Informationen zu beantragen, die Sie uns zur Verf\u00fcgung gestellt haben.<\/p> <p>Bitte beachten Sie, dass wir m\u00f6glicherweise bestimmte Informationen aufbewahren m\u00fcssen, wenn wir gesetzlich dazu verpflichtet sind oder eine rechtm\u00e4\u00dfige Grundlage besteht.<\/p> <h3>Offenlegung Ihrer personenbezogenen Daten<\/h3> <h4>Gesch\u00e4ftstransaktionen<\/h4> <p>Wenn das Unternehmen an einer Fusion, \u00dcbernahme oder einem Verm\u00f6gensverkauf beteiligt ist, k\u00f6nnen Ihre personenbezogenen Daten \u00fcbertragen werden. Wir werden Sie benachrichtigen, bevor Ihre personenbezogenen Daten \u00fcbertragen werden und einer anderen Datenschutzerkl\u00e4rung unterliegen.<\/p> <h4>Strafverfolgungsbeh\u00f6rden<\/h4> <p>Unter bestimmten Umst\u00e4nden kann das Unternehmen verpflichtet sein, Ihre personenbezogenen Daten offen zu legen, wenn dies gesetzlich vorgeschrieben ist oder auf g\u00fcltige Anfragen von Beh\u00f6rden (z. B. Gericht oder Regierungsbeh\u00f6rde) reagiert wird.<\/p> <h4>Andere rechtliche Anforderungen<\/h4> <p>Das Unternehmen kann Ihre personenbezogenen Daten in gutem Glauben offen legen, dass eine solche Ma\u00dfnahme notwendig ist, um:<\/p> <ul> <li>gesetzliche Verpflichtungen zu erf\u00fcllen<\/li> <li>die Rechte oder das Eigentum des Unternehmens zu sch\u00fctzen und zu verteidigen<\/li> <li>m\u00f6gliche Fehlverhalten im Zusammenhang mit dem Dienst zu verhindern oder zu untersuchen<\/li> <li>die pers\u00f6nliche Sicherheit von Nutzern des Dienstes oder der \u00d6ffentlichkeit zu sch\u00fctzen<\/li> <li>rechtliche Haftung zu verhindern<\/li> <\/ul> <h3>Sicherheit Ihrer personenbezogenen Daten<\/h3> <p>Die Sicherheit Ihrer personenbezogenen Daten ist uns wichtig, aber bedenken Sie, dass keine Methode der \u00dcbertragung \u00fcber das Internet oder elektronische Speicherung 100% sicher ist. Wir bem\u00fchen uns, angemessene kommerzielle Mittel zum Schutz Ihrer Daten zu verwenden, k\u00f6nnen deren absolute Sicherheit jedoch nicht garantieren.<\/p> <h2>Datenschutz von Kindern<\/h2> <p>Unser Dienst richtet sich nicht an Personen unter 13 Jahren. Wir erheben wissentlich keine personenbezogenen Daten von Personen unter 13 Jahren. Wenn Sie Elternteil oder Erziehungsberechtigter sind und wissen, dass Ihr Kind uns personenbezogene Daten zur Verf\u00fcgung gestellt hat, kontaktieren Sie uns bitte. Wenn wir feststellen, dass wir personenbezogene Daten von Personen unter 13 Jahren ohne elterliche Zustimmung gesammelt haben, unternehmen wir Schritte, um diese Informationen von unseren Servern zu entfernen.<\/p> <p>Wenn wir zur Verarbeitung Ihrer Daten auf die Zustimmung angewiesen sind und Ihr Land die Zustimmung eines Elternteils verlangt, holen wir gegebenenfalls die Zustimmung Ihres Elternteils ein, bevor wir die Informationen erfassen und verwenden.<\/p> <h2>Links zu anderen Websites<\/h2> <p>Unser Dienst kann Links zu anderen Websites enthalten, die nicht von uns betrieben werden. Wenn Sie einem Drittanbieter-Link folgen, werden Sie zu dessen Website weitergeleitet. Wir empfehlen Ihnen dringend, die Datenschutzerkl\u00e4rungen jeder von Ihnen besuchten Website zu \u00fcberpr\u00fcfen.<\/p> <p>Wir haben keine Kontrolle \u00fcber und \u00fcbernehmen keine Verantwortung f\u00fcr den Inhalt, die Datenschutzrichtlinien oder Praktiken von Webseiten oder Diensten Dritter.<\/p> <h2>\u00c4nderungen dieser Datenschutzerkl\u00e4rung<\/h2> <p>Wir k\u00f6nnen Unsere Datenschutzerkl\u00e4rung von Zeit zu Zeit aktualisieren. Wir werden Sie \u00fcber \u00c4nderungen informieren, indem wir die neue Datenschutzerkl\u00e4rung auf dieser Seite ver\u00f6ffentlichen.<\/p> <p>Wir werden Sie per E-Mail und\/oder durch einen auff\u00e4lligen Hinweis auf unserem Dienst informieren, bevor die \u00c4nderung wirksam wird, und das \u201eZuletzt aktualisiert\u201c-Datum oben in dieser Datenschutzerkl\u00e4rung aktualisieren.<\/p> <p>Es wird empfohlen, diese Datenschutzerkl\u00e4rung regelm\u00e4\u00dfig zu \u00fcberpr\u00fcfen, um \u00c4nderungen zu erkennen. \u00c4nderungen werden wirksam, sobald sie auf dieser Seite ver\u00f6ffentlicht werden.<\/p> <h2>Kontaktieren Sie uns<\/h2> <p>Wenn Sie Fragen zu dieser Datenschutzerkl\u00e4rung haben, k\u00f6nnen Sie uns kontaktieren:<\/p> <ul> <li>Per E-Mail: info@hausbauenuruguay.com<\/li> <\/ul>\n\n\n\n<p>Some photos may be AI Enhanced to show final results; BY: <strong>Illustrationen: KI-generiert (Google Gemini)<\/strong><\/p>\n\n\n\n<p><\/p>","protected":false},"excerpt":{"rendered":"<p>Datenschutzerkl\u00e4rung Zuletzt aktualisiert: 03. Dezember 2025 Diese Datenschutzerkl\u00e4rung beschreibt Unsere Richtlinien und Verfahren zur Erhebung, Nutzung und Offenlegung Ihrer Informationen, wenn Sie den Dienst nutzen, und informiert Sie \u00fcber Ihre Datenschutzrechte und wie das Gesetz Sie sch\u00fctzt. Wir verwenden Ihre pers\u00f6nlichen Daten, um den Dienst bereitzustellen und zu verbessern. Durch die Nutzung des Dienstes stimmen [&hellip;]<\/p>\n","protected":false},"author":1,"featured_media":0,"parent":0,"menu_order":0,"comment_status":"closed","ping_status":"open","template":"","meta":{"_uag_custom_page_level_css":"","site-sidebar-layout":"default","site-content-layout":"","ast-site-content-layout":"default","site-content-style":"default","site-sidebar-style":"default","ast-global-header-display":"","ast-banner-title-visibility":"","ast-main-header-display":"","ast-hfb-above-header-display":"","ast-hfb-below-header-display":"","ast-hfb-mobile-header-display":"","site-post-title":"","ast-breadcrumbs-content":"","ast-featured-img":"","footer-sml-layout":"","ast-disable-related-posts":"","theme-transparent-header-meta":"","adv-header-id-meta":"","stick-header-meta":"","header-above-stick-meta":"","header-main-stick-meta":"","header-below-stick-meta":"","astra-migrate-meta-layouts":"set","ast-page-background-enabled":"default","ast-page-background-meta":{"desktop":{"background-color":"var(--ast-global-color-4)","background-image":"","background-repeat":"repeat","background-position":"center center","background-size":"auto","background-attachment":"scroll","background-type":"","background-media":"","overlay-type":"","overlay-color":"","overlay-opacity":"","overlay-gradient":""},"tablet":{"background-color":"","background-image":"","background-repeat":"repeat","background-position":"center center","background-size":"auto","background-attachment":"scroll","background-type":"","background-media":"","overlay-type":"","overlay-color":"","overlay-opacity":"","overlay-gradient":""},"mobile":{"background-color":"","background-image":"","background-repeat":"repeat","background-position":"center center","background-size":"auto","background-attachment":"scroll","background-type":"","background-media":"","overlay-type":"","overlay-color":"","overlay-opacity":"","overlay-gradient":""}},"ast-content-background-meta":{"desktop":{"background-color":"var(--ast-global-color-5)","background-image":"","background-repeat":"repeat","background-position":"center center","background-size":"auto","background-attachment":"scroll","background-type":"","background-media":"","overlay-type":"","overlay-color":"","overlay-opacity":"","overlay-gradient":""},"tablet":{"background-color":"var(--ast-global-color-5)","background-image":"","background-repeat":"repeat","background-position":"center center","background-size":"auto","background-attachment":"scroll","background-type":"","background-media":"","overlay-type":"","overlay-color":"","overlay-opacity":"","overlay-gradient":""},"mobile":{"background-color":"var(--ast-global-color-5)","background-image":"","background-repeat":"repeat","background-position":"center center","background-size":"auto","background-attachment":"scroll","background-type":"","background-media":"","overlay-type":"","overlay-color":"","overlay-opacity":"","overlay-gradient":""}},"footnotes":""},"class_list":["post-3","page","type-page","status-publish","hentry"],"aioseo_notices":[],"_hostinger_reach_plugin_has_subscription_block":false,"_hostinger_reach_plugin_is_elementor":false,"uagb_featured_image_src":{"full":false,"thumbnail":false,"medium":false,"medium_large":false,"large":false,"1536x1536":false,"2048x2048":false,"trp-custom-language-flag":false},"uagb_author_info":{"display_name":"trytonano@hotmail.com","author_link":"https:\/\/hausbauenuruguay.com\/es\/author\/trytonanohotmail-com\/"},"uagb_comment_info":0,"uagb_excerpt":"Datenschutzerkl\u00e4rung Zuletzt aktualisiert: 03. Dezember 2025 Diese Datenschutzerkl\u00e4rung beschreibt Unsere Richtlinien und Verfahren zur Erhebung, Nutzung und Offenlegung Ihrer Informationen, wenn Sie den Dienst nutzen, und informiert Sie \u00fcber Ihre Datenschutzrechte und wie das Gesetz Sie sch\u00fctzt. Wir verwenden Ihre pers\u00f6nlichen Daten, um den Dienst bereitzustellen und zu verbessern. Durch die Nutzung des Dienstes stimmen&hellip;","_links":{"self":[{"href":"https:\/\/hausbauenuruguay.com\/es\/wp-json\/wp\/v2\/pages\/3","targetHints":{"allow":["GET"]}}],"collection":[{"href":"https:\/\/hausbauenuruguay.com\/es\/wp-json\/wp\/v2\/pages"}],"about":[{"href":"https:\/\/hausbauenuruguay.com\/es\/wp-json\/wp\/v2\/types\/page"}],"author":[{"embeddable":true,"href":"https:\/\/hausbauenuruguay.com\/es\/wp-json\/wp\/v2\/users\/1"}],"replies":[{"embeddable":true,"href":"https:\/\/hausbauenuruguay.com\/es\/wp-json\/wp\/v2\/comments?post=3"}],"version-history":[{"count":4,"href":"https:\/\/hausbauenuruguay.com\/es\/wp-json\/wp\/v2\/pages\/3\/revisions"}],"predecessor-version":[{"id":1963,"href":"https:\/\/hausbauenuruguay.com\/es\/wp-json\/wp\/v2\/pages\/3\/revisions\/1963"}],"wp:attachment":[{"href":"https:\/\/hausbauenuruguay.com\/es\/wp-json\/wp\/v2\/media?parent=3"}],"curies":[{"name":"wp","href":"https:\/\/api.w.org\/{rel}","templated":true}]}}