{"id":2064,"date":"2026-04-28T01:14:40","date_gmt":"2026-04-28T01:14:40","guid":{"rendered":"https:\/\/hausbauenuruguay.com\/?page_id=2064"},"modified":"2026-04-28T01:14:41","modified_gmt":"2026-04-28T01:14:41","slug":"impressum","status":"publish","type":"page","link":"https:\/\/hausbauenuruguay.com\/es\/impressum\/","title":{"rendered":"Impressum"},"content":{"rendered":"<p><strong>Erkl\u00e4rung Firmenstruktur &#8211; Notwendigkeit Impressum<\/strong><\/p>\n\n\n\n<p>In Uruguay ist es nicht verpflichtend, ein \u201eImpressum\u201c (oder einen gleichwertigen rechtlichen Hinweis) auf einer Website einzuf\u00fcgen, da diese Anforderung typisch f\u00fcr deutschsprachige L\u00e4nder wie Deutschland, \u00d6sterreich und die Schweiz ist.<\/p>\n\n\n\n<p>Lokale rechtliche Anforderungen<\/p>\n\n\n\n<p>Uruguay regelt Internet-Aspekte haupts\u00e4chlich durch das Gesetz 18.331 zum Schutz personenbezogener Daten und das Gesetz 18.276 zur elektronischen Signatur, aber keines von beiden verlangt ausdr\u00fccklich ein Impressum mit Daten des Eigent\u00fcmers auf allen Websites.<\/p>\n\n\n\n<p><strong>Steuernummer &#8211; Funktionsweise Bauunternehmen&nbsp;<\/strong><\/p>\n\n\n\n<p>Kunden, die unseren Service in Anspruch nehmen wollen, suchen oft im Impressum nach den in Europa geltenden Daten. Warum wir diese nicht liefern brauchen und k\u00f6nnen, erfahren Sie im Folgenden:<\/p>\n\n\n\n<p>Bei HausbauenUruguay by tres4cinco \u00fcbernehmen wir alles, damit der Kunde keinerlei b\u00fcrokratische oder kommerzielle Formalit\u00e4ten erledigen muss. Angefangen von der Erstellung der Pl\u00e4ne inklusive Einreichung bei den \u00f6ffentlichen Beh\u00f6rden (Baubeh\u00f6rde, BPS (Sozialversicherung der Arbeiter), Katasteramt), \u00fcber den Einkauf der Materialien bis hin zur Einstellung des Personals inklusive Arbeitgeberbeitr\u00e4gen und Arbeitsmitteln.<\/p>\n\n\n\n<p>Unser Unternehmen arbeitet legal mittels einer &#8222;Obra por administraci\u00f3n&#8220;, der in Uruguay am h\u00e4ufigsten genutzten Modalit\u00e4t f\u00fcr Bauprojekte. Dabei erfolgt die Anmeldung des Baus durch den Bauherren oder unsere Verwaltung \u00fcber das offizielle Uruguay Portal &#8222;<a href=\"http:\/\/usuario.gub.uy\/\" target=\"_blank\" rel=\"noreferrer noopener\">usuario.gub.uy<\/a>&#8220; (<a href=\"https:\/\/mi.iduruguay.gub.uy\/login\" target=\"_blank\" rel=\"noreferrer noopener\">Iniciar sesi\u00f3n &#8211; Usuario gub.uy<\/a>). Als Eigent\u00fcmer des Grundst\u00fccks\/Padrones (Katasternummer) sollte er \u00fcber das Portal bei der BPS registriert sein. Dadurch entf\u00e4llt gleichzeitig die Arbeitgeberpflicht. Die Baustelle bleibt jedoch auf den Namen des Eigent\u00fcmers. So kann der Kunde monatlich mitverfolgen, wie unsere Verwaltung die Sozialabgaben aller auf der Baustelle t\u00e4tigen Mitarbeiter bezahlt. Der gesamte Prozess bleibt jederzeit f\u00fcr den Kunden transparent einsichtbar. Vielmehr noch. Er muss unserer Verwaltung eine Vollmacht ausstellen, die es uns erlaubt, die anfallenden Kosten zu zahlen und die rechtlich notwendigen Schritte durchzuf\u00fchren.<\/p>\n\n\n\n<p>In Uruguay genie\u00dft ein Mitarbeiter, sobald er beim BPS angemeldet ist, alle arbeitsrechtlichen Rechte und Pflichten: Versicherungen gegen Unf\u00e4lle\/Krankheiten, Auszahlung des Urlaubsgeldes sowie Sozialversicherungen. Der Arbeitgeber ist nur noch verpflichtet, die entsprechenden Beitr\u00e4ge je nach geleisteten Arbeitstagen zu zahlen.<\/p>\n\n\n\n<p>M\u00f6chte der Auftraggeber sich noch weiter absichern, kann der Arbeitsvertrag gemeinsam mit einem Notar (Kosten gehen zugunsten des Bauherren, da dies rechtlich nicht notwendig ist) ausgestellt werden.<\/p>\n\n\n\n<p>Alle Eink\u00e4ufe, die f\u00fcr das Bauvorhaben get\u00e4tigt werden, werden einer RUT (Registro \u00danico Tributario \u2013 uruguayischer Steuernummer) zugeordnet, die bei der Anmeldung des Bauvorhabens generiert wird. Diese RUT dient ausschlie\u00dflich dazu, die IVA-Belastung (Impuesto al Valor Agregado \u2013 Mehrwertsteuer) aus dem Kauf von Materialien zu erfassen. Dieses finanzielle Aufkommen kann sp\u00e4ter bei dem Verkauf der Immobilie von der IRPF (Impuesto a la Renta de las Personas F\u00edsicas \u2013 Einkommensteuer f\u00fcr Privatpersonen) abgezogen werden.<\/p>\n\n\n\n<p>Ist ein Mitarbeiter bei der BPS angemeldet, besteht kein Risiko f\u00fcr den Arbeitgeber. Das einzige Risiko f\u00fcr den Arbeitgeber entsteht, wenn er Schwarzarbeiter, zu denen er auch selbst geh\u00f6ren kann, ohne eine BPS-Anmeldung besch\u00e4ftigt.<\/p>","protected":false},"excerpt":{"rendered":"<p>Erkl\u00e4rung Firmenstruktur &#8211; Notwendigkeit Impressum In Uruguay ist es nicht verpflichtend, ein \u201eImpressum\u201c (oder einen gleichwertigen rechtlichen Hinweis) auf einer Website einzuf\u00fcgen, da diese Anforderung typisch f\u00fcr deutschsprachige L\u00e4nder wie Deutschland, \u00d6sterreich und die Schweiz ist. Lokale rechtliche Anforderungen Uruguay regelt Internet-Aspekte haupts\u00e4chlich durch das Gesetz 18.331 zum Schutz personenbezogener Daten und das Gesetz 18.276 [&hellip;]<\/p>\n","protected":false},"author":1,"featured_media":0,"parent":0,"menu_order":0,"comment_status":"closed","ping_status":"closed","template":"","meta":{"_uag_custom_page_level_css":"","site-sidebar-layout":"default","site-content-layout":"","ast-site-content-layout":"default","site-content-style":"default","site-sidebar-style":"default","ast-global-header-display":"","ast-banner-title-visibility":"","ast-main-header-display":"","ast-hfb-above-header-display":"","ast-hfb-below-header-display":"","ast-hfb-mobile-header-display":"","site-post-title":"","ast-breadcrumbs-content":"","ast-featured-img":"","footer-sml-layout":"","ast-disable-related-posts":"","theme-transparent-header-meta":"","adv-header-id-meta":"","stick-header-meta":"","header-above-stick-meta":"","header-main-stick-meta":"","header-below-stick-meta":"","astra-migrate-meta-layouts":"set","ast-page-background-enabled":"default","ast-page-background-meta":{"desktop":{"background-color":"var(--ast-global-color-4)","background-image":"","background-repeat":"repeat","background-position":"center center","background-size":"auto","background-attachment":"scroll","background-type":"","background-media":"","overlay-type":"","overlay-color":"","overlay-opacity":"","overlay-gradient":""},"tablet":{"background-color":"","background-image":"","background-repeat":"repeat","background-position":"center center","background-size":"auto","background-attachment":"scroll","background-type":"","background-media":"","overlay-type":"","overlay-color":"","overlay-opacity":"","overlay-gradient":""},"mobile":{"background-color":"","background-image":"","background-repeat":"repeat","background-position":"center center","background-size":"auto","background-attachment":"scroll","background-type":"","background-media":"","overlay-type":"","overlay-color":"","overlay-opacity":"","overlay-gradient":""}},"ast-content-background-meta":{"desktop":{"background-color":"var(--ast-global-color-5)","background-image":"","background-repeat":"repeat","background-position":"center center","background-size":"auto","background-attachment":"scroll","background-type":"","background-media":"","overlay-type":"","overlay-color":"","overlay-opacity":"","overlay-gradient":""},"tablet":{"background-color":"var(--ast-global-color-5)","background-image":"","background-repeat":"repeat","background-position":"center center","background-size":"auto","background-attachment":"scroll","background-type":"","background-media":"","overlay-type":"","overlay-color":"","overlay-opacity":"","overlay-gradient":""},"mobile":{"background-color":"var(--ast-global-color-5)","background-image":"","background-repeat":"repeat","background-position":"center center","background-size":"auto","background-attachment":"scroll","background-type":"","background-media":"","overlay-type":"","overlay-color":"","overlay-opacity":"","overlay-gradient":""}},"footnotes":""},"class_list":["post-2064","page","type-page","status-publish","hentry"],"aioseo_notices":[],"_hostinger_reach_plugin_has_subscription_block":false,"_hostinger_reach_plugin_is_elementor":false,"uagb_featured_image_src":{"full":false,"thumbnail":false,"medium":false,"medium_large":false,"large":false,"1536x1536":false,"2048x2048":false,"trp-custom-language-flag":false},"uagb_author_info":{"display_name":"trytonano@hotmail.com","author_link":"https:\/\/hausbauenuruguay.com\/es\/author\/trytonanohotmail-com\/"},"uagb_comment_info":0,"uagb_excerpt":"Erkl\u00e4rung Firmenstruktur &#8211; Notwendigkeit Impressum In Uruguay ist es nicht verpflichtend, ein \u201eImpressum\u201c (oder einen gleichwertigen rechtlichen Hinweis) auf einer Website einzuf\u00fcgen, da diese Anforderung typisch f\u00fcr deutschsprachige L\u00e4nder wie Deutschland, \u00d6sterreich und die Schweiz ist. Lokale rechtliche Anforderungen Uruguay regelt Internet-Aspekte haupts\u00e4chlich durch das Gesetz 18.331 zum Schutz personenbezogener Daten und das Gesetz 18.276&hellip;","_links":{"self":[{"href":"https:\/\/hausbauenuruguay.com\/es\/wp-json\/wp\/v2\/pages\/2064","targetHints":{"allow":["GET"]}}],"collection":[{"href":"https:\/\/hausbauenuruguay.com\/es\/wp-json\/wp\/v2\/pages"}],"about":[{"href":"https:\/\/hausbauenuruguay.com\/es\/wp-json\/wp\/v2\/types\/page"}],"author":[{"embeddable":true,"href":"https:\/\/hausbauenuruguay.com\/es\/wp-json\/wp\/v2\/users\/1"}],"replies":[{"embeddable":true,"href":"https:\/\/hausbauenuruguay.com\/es\/wp-json\/wp\/v2\/comments?post=2064"}],"version-history":[{"count":1,"href":"https:\/\/hausbauenuruguay.com\/es\/wp-json\/wp\/v2\/pages\/2064\/revisions"}],"predecessor-version":[{"id":2065,"href":"https:\/\/hausbauenuruguay.com\/es\/wp-json\/wp\/v2\/pages\/2064\/revisions\/2065"}],"wp:attachment":[{"href":"https:\/\/hausbauenuruguay.com\/es\/wp-json\/wp\/v2\/media?parent=2064"}],"curies":[{"name":"wp","href":"https:\/\/api.w.org\/{rel}","templated":true}]}}