{"id":1943,"date":"2026-02-15T17:53:02","date_gmt":"2026-02-15T17:53:02","guid":{"rendered":"https:\/\/hausbauenuruguay.com\/?page_id=1943"},"modified":"2026-04-10T22:03:00","modified_gmt":"2026-04-10T22:03:00","slug":"hausbau-uruguay","status":"publish","type":"page","link":"https:\/\/hausbauenuruguay.com\/es\/hausbau-uruguay\/","title":{"rendered":"Hausbau Uruguay &#8211; einfach, preiswert und  schl\u00fcsselfertig bauen"},"content":{"rendered":"<ul class=\"wp-block-latest-posts__list .wp-block-latest-posts__post-title{   font-size: 1.8rem !important; } wp-block-latest-posts has-medium-font-size\"><li><div class=\"wp-block-latest-posts__featured-image alignleft\"><img loading=\"lazy\" decoding=\"async\" width=\"150\" height=\"150\" src=\"https:\/\/hausbauenuruguay.com\/wp-content\/uploads\/2025\/11\/IMG-20250607-WA0022-1-150x150.jpg\" class=\"attachment-thumbnail size-thumbnail wp-post-image\" alt=\"img 20250607 wa0022 (1)\" style=\"\" title=\"Haus bauen in Uruguay mit Woodframing \u2013 schneller, g\u00fcnstiger und nachhaltig mit Holz\"><\/div><a class=\"wp-block-latest-posts__post-title\" href=\"https:\/\/hausbauenuruguay.com\/es\/haus-bauen-in-uruguay-mit-woodframing-schneller-guenstiger-und-nachhaltig-mit-holz\/\">Haus bauen in Uruguay mit Woodframing \u2013 schneller, g\u00fcnstiger und nachhaltig mit Holz<\/a><div class=\"wp-block-latest-posts__post-excerpt\">Woodframing in Uruguay \u2013 effizient bauen und investieren Haus bauen in Uruguay mit Woodframing ist schnell und kosteng\u00fcnstig.Die Montage dauert in der Regel nur 2\u20134 Wochen.Gerade f\u00fcr Investoren und Auswanderer spart das Zeit und Budget. Das System ist klimaresistent und h\u00e4lt Feuchtigkeit gut stand.Es wird mit nachhaltig genutzten, lokalen H\u00f6lzern aufgebaut.Die Holzkonstruktion ist leicht, aber&#8230; <a class=\"wp-block-latest-posts__read-more\" href=\"https:\/\/hausbauenuruguay.com\/es\/haus-bauen-in-uruguay-mit-woodframing-schneller-guenstiger-und-nachhaltig-mit-holz\/\" rel=\"noopener noreferrer\">Lee m\u00e1s<span class=\"screen-reader-text\">: Haus bauen in Uruguay mit Woodframing \u2013 schneller, g\u00fcnstiger und nachhaltig mit Holz<\/span><\/a><\/div><\/li>\n<li><div class=\"wp-block-latest-posts__featured-image alignleft\"><img loading=\"lazy\" decoding=\"async\" width=\"150\" height=\"150\" src=\"https:\/\/hausbauenuruguay.com\/wp-content\/uploads\/2026\/03\/20260326_161745-150x150.jpg\" class=\"attachment-thumbnail size-thumbnail wp-post-image\" alt=\"20260326 161745\" style=\"\" title=\"Uruguay K\u00fcche nach Ma\u00df: Individuelle Handwerkskunst\"><\/div><a class=\"wp-block-latest-posts__post-title\" href=\"https:\/\/hausbauenuruguay.com\/es\/uruguay-kueche-nach-mass-individuelle-handwerkskunst\/\">Uruguay K\u00fcche nach Ma\u00df: Individuelle Handwerkskunst<\/a><div class=\"wp-block-latest-posts__post-excerpt\">Beste H\u00f6lzer f\u00fcr K\u00fcchenbau Uruguay Passende K\u00fcchenarten f\u00fcr verschiedene H\u00e4user in Uruguay<\/div><\/li>\n<\/ul>\n\n\n<div class=\"wp-block-query alignfull is-layout-flow wp-block-query-is-layout-flow\">\n<div class=\"wp-block-group alignfull is-layout-flow wp-block-group-is-layout-flow\" style=\"padding-top:0;padding-right:var(--wp--preset--spacing--40);padding-bottom:var(--wp--preset--spacing--40);padding-left:var(--wp--preset--spacing--40)\"><\/div>\n<\/div>\n\n\n\n<p><\/p>","protected":false},"excerpt":{"rendered":"","protected":false},"author":1,"featured_media":0,"parent":0,"menu_order":0,"comment_status":"closed","ping_status":"closed","template":"","meta":{"_uag_custom_page_level_css":"","site-sidebar-layout":"default","site-content-layout":"","ast-site-content-layout":"default","site-content-style":"default","site-sidebar-style":"default","ast-global-header-display":"","ast-banner-title-visibility":"","ast-main-header-display":"","ast-hfb-above-header-display":"","ast-hfb-below-header-display":"","ast-hfb-mobile-header-display":"","site-post-title":"","ast-breadcrumbs-content":"","ast-featured-img":"","footer-sml-layout":"","ast-disable-related-posts":"","theme-transparent-header-meta":"","adv-header-id-meta":"","stick-header-meta":"","header-above-stick-meta":"","header-main-stick-meta":"","header-below-stick-meta":"","astra-migrate-meta-layouts":"set","ast-page-background-enabled":"default","ast-page-background-meta":{"desktop":{"background-color":"var(--ast-global-color-4)","background-image":"","background-repeat":"repeat","background-position":"center center","background-size":"auto","background-attachment":"scroll","background-type":"","background-media":"","overlay-type":"","overlay-color":"","overlay-opacity":"","overlay-gradient":""},"tablet":{"background-color":"","background-image":"","background-repeat":"repeat","background-position":"center center","background-size":"auto","background-attachment":"scroll","background-type":"","background-media":"","overlay-type":"","overlay-color":"","overlay-opacity":"","overlay-gradient":""},"mobile":{"background-color":"","background-image":"","background-repeat":"repeat","background-position":"center center","background-size":"auto","background-attachment":"scroll","background-type":"","background-media":"","overlay-type":"","overlay-color":"","overlay-opacity":"","overlay-gradient":""}},"ast-content-background-meta":{"desktop":{"background-color":"var(--ast-global-color-5)","background-image":"","background-repeat":"repeat","background-position":"center center","background-size":"auto","background-attachment":"scroll","background-type":"","background-media":"","overlay-type":"","overlay-color":"","overlay-opacity":"","overlay-gradient":""},"tablet":{"background-color":"var(--ast-global-color-5)","background-image":"","background-repeat":"repeat","background-position":"center center","background-size":"auto","background-attachment":"scroll","background-type":"","background-media":"","overlay-type":"","overlay-color":"","overlay-opacity":"","overlay-gradient":""},"mobile":{"background-color":"var(--ast-global-color-5)","background-image":"","background-repeat":"repeat","background-position":"center center","background-size":"auto","background-attachment":"scroll","background-type":"","background-media":"","overlay-type":"","overlay-color":"","overlay-opacity":"","overlay-gradient":""}},"footnotes":""},"class_list":["post-1943","page","type-page","status-publish","hentry"],"aioseo_notices":[],"_hostinger_reach_plugin_has_subscription_block":false,"_hostinger_reach_plugin_is_elementor":false,"uagb_featured_image_src":{"full":false,"thumbnail":false,"medium":false,"medium_large":false,"large":false,"1536x1536":false,"2048x2048":false,"trp-custom-language-flag":false},"uagb_author_info":{"display_name":"trytonano@hotmail.com","author_link":"https:\/\/hausbauenuruguay.com\/es\/author\/trytonanohotmail-com\/"},"uagb_comment_info":0,"uagb_excerpt":null,"_links":{"self":[{"href":"https:\/\/hausbauenuruguay.com\/es\/wp-json\/wp\/v2\/pages\/1943","targetHints":{"allow":["GET"]}}],"collection":[{"href":"https:\/\/hausbauenuruguay.com\/es\/wp-json\/wp\/v2\/pages"}],"about":[{"href":"https:\/\/hausbauenuruguay.com\/es\/wp-json\/wp\/v2\/types\/page"}],"author":[{"embeddable":true,"href":"https:\/\/hausbauenuruguay.com\/es\/wp-json\/wp\/v2\/users\/1"}],"replies":[{"embeddable":true,"href":"https:\/\/hausbauenuruguay.com\/es\/wp-json\/wp\/v2\/comments?post=1943"}],"version-history":[{"count":23,"href":"https:\/\/hausbauenuruguay.com\/es\/wp-json\/wp\/v2\/pages\/1943\/revisions"}],"predecessor-version":[{"id":2030,"href":"https:\/\/hausbauenuruguay.com\/es\/wp-json\/wp\/v2\/pages\/1943\/revisions\/2030"}],"wp:attachment":[{"href":"https:\/\/hausbauenuruguay.com\/es\/wp-json\/wp\/v2\/media?parent=1943"}],"curies":[{"name":"wp","href":"https:\/\/api.w.org\/{rel}","templated":true}]}}