{"id":1737,"date":"2025-11-28T22:21:46","date_gmt":"2025-11-28T22:21:46","guid":{"rendered":"https:\/\/hausbauenuruguay.com\/?page_id=1737"},"modified":"2025-12-01T21:02:33","modified_gmt":"2025-12-01T21:02:33","slug":"yakigusi-haus-bauen-uruguay","status":"publish","type":"page","link":"https:\/\/hausbauenuruguay.com\/es\/yakigusi-haus-bauen-uruguay\/","title":{"rendered":"Nachhaltig Yakigusi Haus bauen Uruguay &#8211; insektensicher ohne Chemie"},"content":{"rendered":"<div\n\t\t\t\t\t\tclass=\"wp-block-uagb-image-gallery uagb-block-a785b39a\"\n\t\t\t\t\t\tstyle=\"\"\n\t\t\t\t\t>\n\t\t\t\t\t\t\t\t\t\t\t<div class=\"spectra-image-gallery spectra-image-gallery__layout--carousel\">\n\t\t\t\t\t\t\t\t<div class=\"uagb-slick-carousel uagb-block-a785b39a\">\n\t\t\t\t\t\t\t\t\t\t\t\t<div class='spectra-image-gallery__media-wrapper' data-spectra-gallery-image-id='1638'>\n\t\t\t\t\t\t\t<div class=\"spectra-image-gallery__media spectra-image-gallery__media--carousel\">\n\t\t\t\t<picture>\n\t\t\t\t\t<source media=\"(min-width: 1024px)\" srcset=\"http:\/\/hausbauenuruguay.com\/wp-content\/uploads\/2025\/11\/WhatsApp-Image-2025-11-24-at-18.00.56-1024x826.jpeg\">\n\t\t\t\t\t<source media=\"(min-width: 768px)\" srcset=\"http:\/\/hausbauenuruguay.com\/wp-content\/uploads\/2025\/11\/WhatsApp-Image-2025-11-24-at-18.00.56-1024x826.jpeg\">\n\t\t\t\t\t<img decoding=\"async\" class=\"spectra-image-gallery__media-thumbnail spectra-image-gallery__media-thumbnail--carousel\" src=\"http:\/\/hausbauenuruguay.com\/wp-content\/uploads\/2025\/11\/WhatsApp-Image-2025-11-24-at-18.00.56-300x242.jpeg\" alt=\"whatsapp image 2025 11 24 at 18.00.56\" loading=\"lazy\" title=\"Nachhaltig Yakigusi Haus bauen Uruguay - insektensicher ohne Chemie\">\n\t\t\t\t<\/picture>\n\t\t\t\t<div class=\"spectra-image-gallery__media-thumbnail-blurrer\"><\/div>\n\t\t\t\t\t\t\t\t\t\t\t<div class=\"spectra-image-gallery__media-thumbnail-caption-wrapper spectra-image-gallery__media-thumbnail-caption-wrapper--overlay\">\n\t\t\t\t\t\t\t\t\t\t\t<div class=\"spectra-image-gallery__media-thumbnail-caption spectra-image-gallery__media-thumbnail-caption--overlay\">\n\t\t\t\t\tSin leyenda\t\t\t\t<\/div>\n\t\t\t\t\t\t\t\t\t\t<\/div>\n\t\t\t\t\t\t\t\t\t<\/div>\n\t\t\t\t\t\t<\/div>\n\t\t\t\t\t\t<div class='spectra-image-gallery__media-wrapper' data-spectra-gallery-image-id='1622'>\n\t\t\t\t\t\t\t<div class=\"spectra-image-gallery__media spectra-image-gallery__media--carousel\">\n\t\t\t\t<picture>\n\t\t\t\t\t<source media=\"(min-width: 1024px)\" srcset=\"http:\/\/hausbauenuruguay.com\/wp-content\/uploads\/2025\/11\/WhatsApp-Image-2025-11-21-at-19.20.21-1024x860.jpeg\">\n\t\t\t\t\t<source media=\"(min-width: 768px)\" srcset=\"http:\/\/hausbauenuruguay.com\/wp-content\/uploads\/2025\/11\/WhatsApp-Image-2025-11-21-at-19.20.21-1024x860.jpeg\">\n\t\t\t\t\t<img decoding=\"async\" class=\"spectra-image-gallery__media-thumbnail spectra-image-gallery__media-thumbnail--carousel\" src=\"http:\/\/hausbauenuruguay.com\/wp-content\/uploads\/2025\/11\/WhatsApp-Image-2025-11-21-at-19.20.21-300x252.jpeg\" alt=\"whatsapp image 2025 11 21 at 19.20.21\" loading=\"lazy\" title=\"Nachhaltig Yakigusi Haus bauen Uruguay - insektensicher ohne Chemie\">\n\t\t\t\t<\/picture>\n\t\t\t\t<div class=\"spectra-image-gallery__media-thumbnail-blurrer\"><\/div>\n\t\t\t\t\t\t\t\t\t\t\t<div class=\"spectra-image-gallery__media-thumbnail-caption-wrapper spectra-image-gallery__media-thumbnail-caption-wrapper--overlay\">\n\t\t\t\t\t\t\t\t\t\t\t<div class=\"spectra-image-gallery__media-thumbnail-caption spectra-image-gallery__media-thumbnail-caption--overlay\">\n\t\t\t\t\tSin leyenda\t\t\t\t<\/div>\n\t\t\t\t\t\t\t\t\t\t<\/div>\n\t\t\t\t\t\t\t\t\t<\/div>\n\t\t\t\t\t\t<\/div>\n\t\t\t\t\t\t<div class='spectra-image-gallery__media-wrapper' data-spectra-gallery-image-id='1545'>\n\t\t\t\t\t\t\t<div class=\"spectra-image-gallery__media spectra-image-gallery__media--carousel\">\n\t\t\t\t<picture>\n\t\t\t\t\t<source media=\"(min-width: 1024px)\" srcset=\"http:\/\/hausbauenuruguay.com\/wp-content\/uploads\/2025\/11\/Screenshot_20251025-093542_Bing.jpg\">\n\t\t\t\t\t<source media=\"(min-width: 768px)\" srcset=\"http:\/\/hausbauenuruguay.com\/wp-content\/uploads\/2025\/11\/Screenshot_20251025-093542_Bing.jpg\">\n\t\t\t\t\t<img decoding=\"async\" class=\"spectra-image-gallery__media-thumbnail spectra-image-gallery__media-thumbnail--carousel\" src=\"http:\/\/hausbauenuruguay.com\/wp-content\/uploads\/2025\/11\/Screenshot_20251025-093542_Bing-295x300.jpg\" alt=\"screenshot 20251025 093542 bing\" loading=\"lazy\" title=\"Nachhaltig Yakigusi Haus bauen Uruguay - insektensicher ohne Chemie\">\n\t\t\t\t<\/picture>\n\t\t\t\t<div class=\"spectra-image-gallery__media-thumbnail-blurrer\"><\/div>\n\t\t\t\t\t\t\t\t\t\t\t<div class=\"spectra-image-gallery__media-thumbnail-caption-wrapper spectra-image-gallery__media-thumbnail-caption-wrapper--overlay\">\n\t\t\t\t\t\t\t\t\t\t\t<div class=\"spectra-image-gallery__media-thumbnail-caption spectra-image-gallery__media-thumbnail-caption--overlay\">\n\t\t\t\t\tSin leyenda\t\t\t\t<\/div>\n\t\t\t\t\t\t\t\t\t\t<\/div>\n\t\t\t\t\t\t\t\t\t<\/div>\n\t\t\t\t\t\t<\/div>\n\t\t\t\t\t\t<div class='spectra-image-gallery__media-wrapper' data-spectra-gallery-image-id='1544'>\n\t\t\t\t\t\t\t<div class=\"spectra-image-gallery__media spectra-image-gallery__media--carousel\">\n\t\t\t\t<picture>\n\t\t\t\t\t<source media=\"(min-width: 1024px)\" srcset=\"http:\/\/hausbauenuruguay.com\/wp-content\/uploads\/2025\/11\/Screenshot_20251025-092500_Bing.jpg\">\n\t\t\t\t\t<source media=\"(min-width: 768px)\" srcset=\"http:\/\/hausbauenuruguay.com\/wp-content\/uploads\/2025\/11\/Screenshot_20251025-092500_Bing.jpg\">\n\t\t\t\t\t<img decoding=\"async\" class=\"spectra-image-gallery__media-thumbnail spectra-image-gallery__media-thumbnail--carousel\" src=\"http:\/\/hausbauenuruguay.com\/wp-content\/uploads\/2025\/11\/Screenshot_20251025-092500_Bing-300x296.jpg\" alt=\"screenshot 20251025 092500 bing\" loading=\"lazy\" title=\"Nachhaltig Yakigusi Haus bauen Uruguay - insektensicher ohne Chemie\">\n\t\t\t\t<\/picture>\n\t\t\t\t<div class=\"spectra-image-gallery__media-thumbnail-blurrer\"><\/div>\n\t\t\t\t\t\t\t\t\t\t\t<div class=\"spectra-image-gallery__media-thumbnail-caption-wrapper spectra-image-gallery__media-thumbnail-caption-wrapper--overlay\">\n\t\t\t\t\t\t\t\t\t\t\t<div class=\"spectra-image-gallery__media-thumbnail-caption spectra-image-gallery__media-thumbnail-caption--overlay\">\n\t\t\t\t\tSin leyenda\t\t\t\t<\/div>\n\t\t\t\t\t\t\t\t\t\t<\/div>\n\t\t\t\t\t\t\t\t\t<\/div>\n\t\t\t\t\t\t<\/div>\n\t\t\t\t\t\t\t\t\t\t\t<\/div>\n\t\t\t\t\t\t\t<\/div>\n\t\t\t\t\t\t\t\t\t\t\t<\/div>\n\t\t\t\t\t\t\t\t\t\n\n\n<p class=\"has-ast-global-color-1-color has-text-color has-link-color has-large-font-size wp-elements-896e0cf4cf22aad9c3b3c615a314195a\" style=\"line-height:1\"><strong>Tradition trifft Moderne<\/strong><\/p>\n\n\n\n<p class=\"has-medium-font-size\">Ein Yakigusi Haus bauen Uruguay bedeutet, japanische Handwerkskunst mit moderner<br>Architektur und nachhaltigem Bauen zu vereinen. Das traditionelle Verfahren Shou Sugi<br>Ban (Yakisugi) verleiht Holz durch kontrollierte Karbonisierung eine einzigartige Optik und<br>au\u00dfergew\u00f6hnliche Haltbarkeit.<\/p>\n\n\n\n<p class=\"has-medium-font-size\"><br>Haus bauen in Uruguay mit Shou Sugi Ban hei\u00dft: Sie entscheiden sich f\u00fcr ein langlebiges,<br>\u00e4sthetisches und \u00f6kologisches Zuhause. Zum Beispiel auf diesem <a href=\"https:\/\/butiaimmobilien.com\/property\/nachhaltiges-renditeobjekt-in-lapaloma-okologisch-bauen-profitabel-investieren\/\" target=\"_blank\" rel=\"noopener nofollow\" title=\"\">Uruguay Anwesen<\/a>.<br>Jeder, der Ihnen in Uruguay in der Konstruktionsbranche weismachen will, dass<br>unbehandeltes Holz Insektenresistent ist, gauckelt Ihnen etwas vor. Nur einige wenige, sehr<br>harte und sehr teure H\u00f6lzer wie Lapacho, Quebracho boliviano u. a. leisten den aggressiven<br>Termiten, Mottenlarven etc. Widerstand, ohne eine intensive und chemische<br>Holzbehandlung. Als g\u00fcnstigere und optisch vielf\u00e4ltigere Option bietet sich daher der<br>Uruguay Hausbau mit dem alten japanischen Shou Sugi Ban oder Yakigusi Konzept an. Wir<br>sind Experten auf diesem Terrain und setzen Ihre Bau- und Designw\u00fcnsche ganz nach Ihren<br>W\u00fcnsche um.<\/p>\n\n\n\n<p class=\"has-ast-global-color-1-color has-text-color has-link-color has-large-font-size wp-elements-4ffa7ed5698aead218b41455256a2021\" style=\"line-height:1\"><strong>Warum Shou Sugi Ban?<\/strong><\/p>\n\n\n\n<ul class=\"wp-block-list\">\n<li class=\"has-medium-font-size\"> <strong>Langlebigkeit<\/strong>: Jahrzehnte bis \u00fcber ein Jahrhundert haltbar<\/li>\n\n\n\n<li class=\"has-medium-font-size\"><strong>Brandschutz<\/strong>: H\u00f6here Feuerbest\u00e4ndigkeit als unbehandeltes Holz<\/li>\n\n\n\n<li class=\"has-medium-font-size\"><strong>Resistenz<\/strong>: Weniger anf\u00e4llig f\u00fcr Schimmel, UV-Strahlung und Insekten<\/li>\n\n\n\n<li class=\"has-medium-font-size\"><strong>Nachhaltigkeit:<\/strong> Frei von Chemikalien, recyclingf\u00e4hig und PEFC-zertifiziert<br><\/li>\n<\/ul>\n\n\n\n<p class=\"has-medium-font-size\">Ein Yakigusi Haus bauen Uruguay ist nicht nur ein Bauprojekt \u2013 es ist eine Investition in<br>die Zukunft.<\/p>\n\n\n\n<p class=\"has-ast-global-color-1-color has-text-color has-link-color has-large-font-size wp-elements-f168ee8c98f0435b0bf4215e0a64f53a\" style=\"line-height:1\"><strong>\u00c4sthetik mit Charakter \u2013 alte japanische Holzbehandlung<br>\u00f6kologisch<\/strong><\/p>\n\n\n\n<p class=\"has-medium-font-size\">Die verkohlte Oberfl\u00e4che schafft ein unverwechselbares Muster, das jedes Haus einzigartig<br>macht.<\/p>\n\n\n\n<ul class=\"wp-block-list\">\n<li>Eleganz f\u00fcr moderne Architektur<\/li>\n\n\n\n<li>Nat\u00fcrliche Sch\u00f6nheit im Dialog mit der Umgebung<\/li>\n\n\n\n<li>Individuelle Gestaltungsm\u00f6glichkeiten<\/li>\n<\/ul>\n\n\n\n<p>Mit einem Haus bauen in Uruguay mit Shou Sugi Ban bringen Sie Natur und Design in<br>Einklang.<\/p>\n\n\n\n<p class=\"has-ast-global-color-1-color has-text-color has-link-color has-large-font-size wp-elements-a8078d32fe72c20f544bde0c36c3424f\" style=\"line-height:1\"><strong>Nachhaltigkeit f\u00fcr Generationen<\/strong><\/p>\n\n\n\n<p class=\"has-medium-font-size\">Shou Sugi Ban ist eine \u00f6kologische Alternative zu konventionellen Holzbehandlungen.<\/p>\n\n\n\n<ul class=\"wp-block-list\">\n<li class=\"has-medium-font-size\">Keine Schadstoffe<\/li>\n\n\n\n<li class=\"has-medium-font-size\">Recyclingf\u00e4hig<\/li>\n\n\n\n<li class=\"has-medium-font-size\">Zertifiziert nachhaltige Herkunft<\/li>\n<\/ul>\n\n\n\n<p class=\"has-medium-font-size\">Wer ein Yakigusi Haus bauen Uruguay, entscheidet sich bewusst f\u00fcr ein Baukonzept, das<br>Umwelt und Gesundheit sch\u00fctzt.<\/p>\n\n\n\n<p class=\"has-ast-global-color-1-color has-text-color has-link-color has-large-font-size wp-elements-ff1946dce3caf6e4ebe7cf319a5bfea9\" style=\"line-height:1\"><strong>Wabi Sabi \u2013 Die Philosophie dahinter<\/strong><\/p>\n\n\n\n<figure class=\"wp-block-image size-large is-resized\"><img loading=\"lazy\" decoding=\"async\" width=\"1024\" height=\"576\" src=\"https:\/\/hausbauenuruguay.com\/wp-content\/uploads\/2025\/11\/IMG-20251031-WA0056-1-1024x576.jpg\" alt=\"img 20251031 wa0056 (1)\" class=\"wp-image-1762\" style=\"width:716px;height:auto\" title=\"Nachhaltig Yakigusi Haus bauen Uruguay - insektensicher ohne Chemie\" srcset=\"https:\/\/hausbauenuruguay.com\/wp-content\/uploads\/2025\/11\/IMG-20251031-WA0056-1-1024x576.jpg 1024w, https:\/\/hausbauenuruguay.com\/wp-content\/uploads\/2025\/11\/IMG-20251031-WA0056-1-300x169.jpg 300w, https:\/\/hausbauenuruguay.com\/wp-content\/uploads\/2025\/11\/IMG-20251031-WA0056-1-768x432.jpg 768w, https:\/\/hausbauenuruguay.com\/wp-content\/uploads\/2025\/11\/IMG-20251031-WA0056-1-1536x864.jpg 1536w, https:\/\/hausbauenuruguay.com\/wp-content\/uploads\/2025\/11\/IMG-20251031-WA0056-1.jpg 1600w\" sizes=\"auto, (max-width: 1024px) 100vw, 1024px\" \/><\/figure>\n\n\n\n<p class=\"has-medium-font-size\">Das japanische Konzept Wabi Sabi beschreibt die Sch\u00f6nheit des Unvollkommenen und<br>Verg\u00e4nglichen.<\/p>\n\n\n\n<p class=\"has-ast-global-color-1-color has-text-color has-link-color has-large-font-size wp-elements-dba2423a2fc48f7d41f3c4d3122b0416\" style=\"line-height:1\"><strong>Vorteile Shou Sugi Ban Hausbau speziell f\u00fcr Uruguay<\/strong><\/p>\n\n\n\n<p class=\"has-medium-font-size\">Das Klima in Uruguay stellt besondere Anforderungen an <a href=\"https:\/\/hausbauenuruguay.com\/es\/materialien-einrichtung-und-ausstattung-hausbau-uruguay\/\" target=\"_blank\" rel=\"noopener\" title=\"Materialien, Einrichtung und Ausstattung Hausbau URUGUAY\">Baumaterialien<\/a>. Shou Sugi Ban<br>bietet:<\/p>\n\n\n\n<ul class=\"wp-block-list\">\n<li class=\"has-medium-font-size\">Schutz vor intensiver Sonneneinstrahlung<\/li>\n\n\n\n<li class=\"has-medium-font-size\">Widerstand gegen hohe Luftfeuchtigkeit<\/li>\n\n\n\n<li class=\"has-medium-font-size\">Weniger Renovierungsbedarf und geringere Kosten<\/li>\n<\/ul>\n\n\n\n<p class=\"has-medium-font-size\">Ein Yakigusi Haus bauen Uruguay ist die perfekte L\u00f6sung f\u00fcr Bauherren, die Wert auf<br>Qualit\u00e4t und Nachhaltigkeit legen. Wir verwenden ausnahmslos PEFC zertifiziertes Holz.<\/p>\n\n\n\n<p class=\"has-ast-global-color-1-color has-text-color has-link-color has-large-font-size wp-elements-c48c2e019e137b42f38880ff96da99b2\" style=\"line-height:1\"><strong>Moderne Architektur mit Shou Sugi Ban &#8211; nachhaltiges<br>Bauen Uruguay<\/strong><\/p>\n\n\n\n<p class=\"has-medium-font-size\">Ob Sie ein modernes Design oder ein traditionelles Konzept bevorzugen \u2013 mit Shou Sugi Ban<br>schaffen Sie ein Zuhause, das Generationen \u00fcberdauert.<\/p>\n\n\n\n<ul class=\"wp-block-list\">\n<li class=\"has-medium-font-size\"><strong>Beratung<\/strong>: Wir begleiten Sie von der Idee bis zur Umsetzung<\/li>\n\n\n\n<li class=\"has-medium-font-size\"><strong>Planung<\/strong>: Individuelle Konzepte f\u00fcr Ihr Grundst\u00fcck und Ihre W\u00fcnsche<\/li>\n\n\n\n<li class=\"has-medium-font-size\"><strong>Umsetzung<\/strong>: Nachhaltige Materialien, erfahrene Handwerker, h\u00f6chste Qualit\u00e4t<\/li>\n<\/ul>\n\n\n\n<p class=\"has-medium-font-size\">Haus bauen in Uruguay mit Shou Sugi Ban \u2013 starten Sie jetzt Ihr Projekt!<\/p>\n\n\n\n<p class=\"has-ast-global-color-1-color has-text-color has-link-color has-large-font-size wp-elements-dabae25e3b7c0ccdedff9383dca89b2f\" style=\"line-height:1\"><strong>Call-to-Action<\/strong><\/p>\n\n\n\n<p class=\"has-medium-font-size\"><strong>Lassen Sie sich beraten und entdecken Sie die Vorteile von Shou Sugi Ban f\u00fcr Ihr<br>Zuhause<\/strong>. Kontaktieren Sie uns noch heute und beginnen Sie Ihr Projekt: <strong>Yakigusi Haus<br>bauen Uruguay<\/strong> \u2013 nachhaltig, \u00e4sthetisch und einzigartig.<\/p>\n\n\n\n<p class=\"has-medium-font-size\"><strong>F\u00fcr weitere Informationen oder um eine Besichtigung in deutscher, englischer und in spanischer<br>Sprache zu vereinbaren, kontaktieren Sie uns bitte unter: 0059895096283<\/strong><\/p>","protected":false},"excerpt":{"rendered":"<p>Tradition trifft Moderne Ein Yakigusi Haus bauen Uruguay bedeutet, japanische Handwerkskunst mit modernerArchitektur und nachhaltigem Bauen zu vereinen. Das traditionelle Verfahren Shou SugiBan (Yakisugi) verleiht Holz durch kontrollierte Karbonisierung eine einzigartige Optik undau\u00dfergew\u00f6hnliche Haltbarkeit. Haus bauen in Uruguay mit Shou Sugi Ban hei\u00dft: Sie entscheiden sich f\u00fcr ein langlebiges,\u00e4sthetisches und \u00f6kologisches Zuhause. Zum Beispiel auf [&hellip;]<\/p>\n","protected":false},"author":1,"featured_media":0,"parent":0,"menu_order":0,"comment_status":"closed","ping_status":"closed","template":"","meta":{"_uag_custom_page_level_css":"","site-sidebar-layout":"default","site-content-layout":"","ast-site-content-layout":"default","site-content-style":"default","site-sidebar-style":"default","ast-global-header-display":"","ast-banner-title-visibility":"","ast-main-header-display":"","ast-hfb-above-header-display":"","ast-hfb-below-header-display":"","ast-hfb-mobile-header-display":"","site-post-title":"","ast-breadcrumbs-content":"","ast-featured-img":"","footer-sml-layout":"","ast-disable-related-posts":"","theme-transparent-header-meta":"","adv-header-id-meta":"","stick-header-meta":"","header-above-stick-meta":"","header-main-stick-meta":"","header-below-stick-meta":"","astra-migrate-meta-layouts":"set","ast-page-background-enabled":"default","ast-page-background-meta":{"desktop":{"background-color":"var(--ast-global-color-4)","background-image":"","background-repeat":"repeat","background-position":"center center","background-size":"auto","background-attachment":"scroll","background-type":"","background-media":"","overlay-type":"","overlay-color":"","overlay-opacity":"","overlay-gradient":""},"tablet":{"background-color":"","background-image":"","background-repeat":"repeat","background-position":"center center","background-size":"auto","background-attachment":"scroll","background-type":"","background-media":"","overlay-type":"","overlay-color":"","overlay-opacity":"","overlay-gradient":""},"mobile":{"background-color":"","background-image":"","background-repeat":"repeat","background-position":"center center","background-size":"auto","background-attachment":"scroll","background-type":"","background-media":"","overlay-type":"","overlay-color":"","overlay-opacity":"","overlay-gradient":""}},"ast-content-background-meta":{"desktop":{"background-color":"var(--ast-global-color-5)","background-image":"","background-repeat":"repeat","background-position":"center center","background-size":"auto","background-attachment":"scroll","background-type":"","background-media":"","overlay-type":"","overlay-color":"","overlay-opacity":"","overlay-gradient":""},"tablet":{"background-color":"var(--ast-global-color-5)","background-image":"","background-repeat":"repeat","background-position":"center center","background-size":"auto","background-attachment":"scroll","background-type":"","background-media":"","overlay-type":"","overlay-color":"","overlay-opacity":"","overlay-gradient":""},"mobile":{"background-color":"var(--ast-global-color-5)","background-image":"","background-repeat":"repeat","background-position":"center center","background-size":"auto","background-attachment":"scroll","background-type":"","background-media":"","overlay-type":"","overlay-color":"","overlay-opacity":"","overlay-gradient":""}},"footnotes":""},"class_list":["post-1737","page","type-page","status-publish","hentry"],"aioseo_notices":[],"_hostinger_reach_plugin_has_subscription_block":false,"_hostinger_reach_plugin_is_elementor":false,"uagb_featured_image_src":{"full":false,"thumbnail":false,"medium":false,"medium_large":false,"large":false,"1536x1536":false,"2048x2048":false,"trp-custom-language-flag":false},"uagb_author_info":{"display_name":"trytonano@hotmail.com","author_link":"https:\/\/hausbauenuruguay.com\/es\/author\/trytonanohotmail-com\/"},"uagb_comment_info":0,"uagb_excerpt":"Tradition trifft Moderne Ein Yakigusi Haus bauen Uruguay bedeutet, japanische Handwerkskunst mit modernerArchitektur und nachhaltigem Bauen zu vereinen. Das traditionelle Verfahren Shou SugiBan (Yakisugi) verleiht Holz durch kontrollierte Karbonisierung eine einzigartige Optik undau\u00dfergew\u00f6hnliche Haltbarkeit. Haus bauen in Uruguay mit Shou Sugi Ban hei\u00dft: Sie entscheiden sich f\u00fcr ein langlebiges,\u00e4sthetisches und \u00f6kologisches Zuhause. Zum Beispiel auf&hellip;","_links":{"self":[{"href":"https:\/\/hausbauenuruguay.com\/es\/wp-json\/wp\/v2\/pages\/1737","targetHints":{"allow":["GET"]}}],"collection":[{"href":"https:\/\/hausbauenuruguay.com\/es\/wp-json\/wp\/v2\/pages"}],"about":[{"href":"https:\/\/hausbauenuruguay.com\/es\/wp-json\/wp\/v2\/types\/page"}],"author":[{"embeddable":true,"href":"https:\/\/hausbauenuruguay.com\/es\/wp-json\/wp\/v2\/users\/1"}],"replies":[{"embeddable":true,"href":"https:\/\/hausbauenuruguay.com\/es\/wp-json\/wp\/v2\/comments?post=1737"}],"version-history":[{"count":7,"href":"https:\/\/hausbauenuruguay.com\/es\/wp-json\/wp\/v2\/pages\/1737\/revisions"}],"predecessor-version":[{"id":1818,"href":"https:\/\/hausbauenuruguay.com\/es\/wp-json\/wp\/v2\/pages\/1737\/revisions\/1818"}],"wp:attachment":[{"href":"https:\/\/hausbauenuruguay.com\/es\/wp-json\/wp\/v2\/media?parent=1737"}],"curies":[{"name":"wp","href":"https:\/\/api.w.org\/{rel}","templated":true}]}}