{"id":1569,"date":"2025-11-12T22:53:38","date_gmt":"2025-11-12T22:53:38","guid":{"rendered":"https:\/\/hausbauenuruguay.com\/?page_id=1569"},"modified":"2025-12-03T21:38:36","modified_gmt":"2025-12-03T21:38:36","slug":"terrasse-pergola-poolhaus","status":"publish","type":"page","link":"https:\/\/hausbauenuruguay.com\/es\/terrasse-pergola-poolhaus\/","title":{"rendered":"Terrasse, Pergola, Poolhaus und Carport Uruguay"},"content":{"rendered":"<div\n\t\t\t\t\t\tclass=\"wp-block-uagb-image-gallery uagb-block-016cbeff\"\n\t\t\t\t\t\tstyle=\"\"\n\t\t\t\t\t>\n\t\t\t\t\t\t\t\t\t\t\t<div class=\"spectra-image-gallery spectra-image-gallery__layout--carousel\">\n\t\t\t\t\t\t\t\t<div class=\"uagb-slick-carousel uagb-block-016cbeff\">\n\t\t\t\t\t\t\t\t\t\t\t\t<div class='spectra-image-gallery__media-wrapper' data-spectra-gallery-image-id='1570'>\n\t\t\t\t\t\t\t<div class=\"spectra-image-gallery__media spectra-image-gallery__media--carousel\">\n\t\t\t\t<picture>\n\t\t\t\t\t<source media=\"(min-width: 1024px)\" srcset=\"http:\/\/hausbauenuruguay.com\/wp-content\/uploads\/2025\/11\/IMG-20251023-WA0027-1024x768.jpg\">\n\t\t\t\t\t<source media=\"(min-width: 768px)\" srcset=\"http:\/\/hausbauenuruguay.com\/wp-content\/uploads\/2025\/11\/IMG-20251023-WA0027-1024x768.jpg\">\n\t\t\t\t\t<img decoding=\"async\" class=\"spectra-image-gallery__media-thumbnail spectra-image-gallery__media-thumbnail--carousel\" src=\"http:\/\/hausbauenuruguay.com\/wp-content\/uploads\/2025\/11\/IMG-20251023-WA0027-300x225.jpg\" alt=\"img 20251023 wa0027\" loading=\"lazy\" title=\"Terrasse, Pergola, Poolhaus und Carport Uruguay\">\n\t\t\t\t<\/picture>\n\t\t\t\t<div class=\"spectra-image-gallery__media-thumbnail-blurrer\"><\/div>\n\t\t\t\t\t\t\t\t\t\t\t<div class=\"spectra-image-gallery__media-thumbnail-caption-wrapper spectra-image-gallery__media-thumbnail-caption-wrapper--overlay\">\n\t\t\t\t\t\t\t\t\t\t\t<div class=\"spectra-image-gallery__media-thumbnail-caption spectra-image-gallery__media-thumbnail-caption--overlay\">\n\t\t\t\t\tSin leyenda\t\t\t\t<\/div>\n\t\t\t\t\t\t\t\t\t\t<\/div>\n\t\t\t\t\t\t\t\t\t<\/div>\n\t\t\t\t\t\t<\/div>\n\t\t\t\t\t\t<div class='spectra-image-gallery__media-wrapper' data-spectra-gallery-image-id='1571'>\n\t\t\t\t\t\t\t<div class=\"spectra-image-gallery__media spectra-image-gallery__media--carousel\">\n\t\t\t\t<picture>\n\t\t\t\t\t<source media=\"(min-width: 1024px)\" srcset=\"http:\/\/hausbauenuruguay.com\/wp-content\/uploads\/2025\/11\/IMG-20251023-WA0028-768x1024.jpg\">\n\t\t\t\t\t<source media=\"(min-width: 768px)\" srcset=\"http:\/\/hausbauenuruguay.com\/wp-content\/uploads\/2025\/11\/IMG-20251023-WA0028-768x1024.jpg\">\n\t\t\t\t\t<img decoding=\"async\" class=\"spectra-image-gallery__media-thumbnail spectra-image-gallery__media-thumbnail--carousel\" src=\"http:\/\/hausbauenuruguay.com\/wp-content\/uploads\/2025\/11\/IMG-20251023-WA0028-225x300.jpg\" alt=\"img 20251023 wa0028\" loading=\"lazy\" title=\"Terrasse, Pergola, Poolhaus und Carport Uruguay\">\n\t\t\t\t<\/picture>\n\t\t\t\t<div class=\"spectra-image-gallery__media-thumbnail-blurrer\"><\/div>\n\t\t\t\t\t\t\t\t\t\t\t<div class=\"spectra-image-gallery__media-thumbnail-caption-wrapper spectra-image-gallery__media-thumbnail-caption-wrapper--overlay\">\n\t\t\t\t\t\t\t\t\t\t\t<div class=\"spectra-image-gallery__media-thumbnail-caption spectra-image-gallery__media-thumbnail-caption--overlay\">\n\t\t\t\t\tSin leyenda\t\t\t\t<\/div>\n\t\t\t\t\t\t\t\t\t\t<\/div>\n\t\t\t\t\t\t\t\t\t<\/div>\n\t\t\t\t\t\t<\/div>\n\t\t\t\t\t\t<div class='spectra-image-gallery__media-wrapper' data-spectra-gallery-image-id='1572'>\n\t\t\t\t\t\t\t<div class=\"spectra-image-gallery__media spectra-image-gallery__media--carousel\">\n\t\t\t\t<picture>\n\t\t\t\t\t<source media=\"(min-width: 1024px)\" srcset=\"http:\/\/hausbauenuruguay.com\/wp-content\/uploads\/2025\/11\/IMG-20251023-WA0029-1024x768.jpg\">\n\t\t\t\t\t<source media=\"(min-width: 768px)\" srcset=\"http:\/\/hausbauenuruguay.com\/wp-content\/uploads\/2025\/11\/IMG-20251023-WA0029-1024x768.jpg\">\n\t\t\t\t\t<img decoding=\"async\" class=\"spectra-image-gallery__media-thumbnail spectra-image-gallery__media-thumbnail--carousel\" src=\"http:\/\/hausbauenuruguay.com\/wp-content\/uploads\/2025\/11\/IMG-20251023-WA0029-300x225.jpg\" alt=\"img 20251023 wa0029\" loading=\"lazy\" title=\"Terrasse, Pergola, Poolhaus und Carport Uruguay\">\n\t\t\t\t<\/picture>\n\t\t\t\t<div class=\"spectra-image-gallery__media-thumbnail-blurrer\"><\/div>\n\t\t\t\t\t\t\t\t\t\t\t<div class=\"spectra-image-gallery__media-thumbnail-caption-wrapper spectra-image-gallery__media-thumbnail-caption-wrapper--overlay\">\n\t\t\t\t\t\t\t\t\t\t\t<div class=\"spectra-image-gallery__media-thumbnail-caption spectra-image-gallery__media-thumbnail-caption--overlay\">\n\t\t\t\t\tSin leyenda\t\t\t\t<\/div>\n\t\t\t\t\t\t\t\t\t\t<\/div>\n\t\t\t\t\t\t\t\t\t<\/div>\n\t\t\t\t\t\t<\/div>\n\t\t\t\t\t\t<div class='spectra-image-gallery__media-wrapper' data-spectra-gallery-image-id='1573'>\n\t\t\t\t\t\t\t<div class=\"spectra-image-gallery__media spectra-image-gallery__media--carousel\">\n\t\t\t\t<picture>\n\t\t\t\t\t<source media=\"(min-width: 1024px)\" srcset=\"http:\/\/hausbauenuruguay.com\/wp-content\/uploads\/2025\/11\/IMG-20251023-WA0030-1024x768.jpg\">\n\t\t\t\t\t<source media=\"(min-width: 768px)\" srcset=\"http:\/\/hausbauenuruguay.com\/wp-content\/uploads\/2025\/11\/IMG-20251023-WA0030-1024x768.jpg\">\n\t\t\t\t\t<img decoding=\"async\" class=\"spectra-image-gallery__media-thumbnail spectra-image-gallery__media-thumbnail--carousel\" src=\"http:\/\/hausbauenuruguay.com\/wp-content\/uploads\/2025\/11\/IMG-20251023-WA0030-300x225.jpg\" alt=\"img 20251023 wa0030\" loading=\"lazy\" title=\"Terrasse, Pergola, Poolhaus und Carport Uruguay\">\n\t\t\t\t<\/picture>\n\t\t\t\t<div class=\"spectra-image-gallery__media-thumbnail-blurrer\"><\/div>\n\t\t\t\t\t\t\t\t\t\t\t<div class=\"spectra-image-gallery__media-thumbnail-caption-wrapper spectra-image-gallery__media-thumbnail-caption-wrapper--overlay\">\n\t\t\t\t\t\t\t\t\t\t\t<div class=\"spectra-image-gallery__media-thumbnail-caption spectra-image-gallery__media-thumbnail-caption--overlay\">\n\t\t\t\t\tSin leyenda\t\t\t\t<\/div>\n\t\t\t\t\t\t\t\t\t\t<\/div>\n\t\t\t\t\t\t\t\t\t<\/div>\n\t\t\t\t\t\t<\/div>\n\t\t\t\t\t\t<div class='spectra-image-gallery__media-wrapper' data-spectra-gallery-image-id='1574'>\n\t\t\t\t\t\t\t<div class=\"spectra-image-gallery__media spectra-image-gallery__media--carousel\">\n\t\t\t\t<picture>\n\t\t\t\t\t<source media=\"(min-width: 1024px)\" srcset=\"http:\/\/hausbauenuruguay.com\/wp-content\/uploads\/2025\/11\/IMG-20251023-WA0031-768x1024.jpg\">\n\t\t\t\t\t<source media=\"(min-width: 768px)\" srcset=\"http:\/\/hausbauenuruguay.com\/wp-content\/uploads\/2025\/11\/IMG-20251023-WA0031-768x1024.jpg\">\n\t\t\t\t\t<img decoding=\"async\" class=\"spectra-image-gallery__media-thumbnail spectra-image-gallery__media-thumbnail--carousel\" src=\"http:\/\/hausbauenuruguay.com\/wp-content\/uploads\/2025\/11\/IMG-20251023-WA0031-225x300.jpg\" alt=\"img 20251023 wa0031\" loading=\"lazy\" title=\"Terrasse, Pergola, Poolhaus und Carport Uruguay\">\n\t\t\t\t<\/picture>\n\t\t\t\t<div class=\"spectra-image-gallery__media-thumbnail-blurrer\"><\/div>\n\t\t\t\t\t\t\t\t\t\t\t<div class=\"spectra-image-gallery__media-thumbnail-caption-wrapper spectra-image-gallery__media-thumbnail-caption-wrapper--overlay\">\n\t\t\t\t\t\t\t\t\t\t\t<div class=\"spectra-image-gallery__media-thumbnail-caption spectra-image-gallery__media-thumbnail-caption--overlay\">\n\t\t\t\t\tSin leyenda\t\t\t\t<\/div>\n\t\t\t\t\t\t\t\t\t\t<\/div>\n\t\t\t\t\t\t\t\t\t<\/div>\n\t\t\t\t\t\t<\/div>\n\t\t\t\t\t\t<div class='spectra-image-gallery__media-wrapper' data-spectra-gallery-image-id='1575'>\n\t\t\t\t\t\t\t<div class=\"spectra-image-gallery__media spectra-image-gallery__media--carousel\">\n\t\t\t\t<picture>\n\t\t\t\t\t<source media=\"(min-width: 1024px)\" srcset=\"http:\/\/hausbauenuruguay.com\/wp-content\/uploads\/2025\/11\/IMG-20251023-WA0032-768x1024.jpg\">\n\t\t\t\t\t<source media=\"(min-width: 768px)\" srcset=\"http:\/\/hausbauenuruguay.com\/wp-content\/uploads\/2025\/11\/IMG-20251023-WA0032-768x1024.jpg\">\n\t\t\t\t\t<img decoding=\"async\" class=\"spectra-image-gallery__media-thumbnail spectra-image-gallery__media-thumbnail--carousel\" src=\"http:\/\/hausbauenuruguay.com\/wp-content\/uploads\/2025\/11\/IMG-20251023-WA0032-225x300.jpg\" alt=\"img 20251023 wa0032\" loading=\"lazy\" title=\"Terrasse, Pergola, Poolhaus und Carport Uruguay\">\n\t\t\t\t<\/picture>\n\t\t\t\t<div class=\"spectra-image-gallery__media-thumbnail-blurrer\"><\/div>\n\t\t\t\t\t\t\t\t\t\t\t<div class=\"spectra-image-gallery__media-thumbnail-caption-wrapper spectra-image-gallery__media-thumbnail-caption-wrapper--overlay\">\n\t\t\t\t\t\t\t\t\t\t\t<div class=\"spectra-image-gallery__media-thumbnail-caption spectra-image-gallery__media-thumbnail-caption--overlay\">\n\t\t\t\t\tSin leyenda\t\t\t\t<\/div>\n\t\t\t\t\t\t\t\t\t\t<\/div>\n\t\t\t\t\t\t\t\t\t<\/div>\n\t\t\t\t\t\t<\/div>\n\t\t\t\t\t\t\t\t\t\t\t<\/div>\n\t\t\t\t\t\t\t<\/div>\n\t\t\t\t\t\t\t\t\t\t\t<\/div>\n\t\t\t\t\t\t\t\t\t\n\n\n<p class=\"has-medium-font-size\">In Uruguay bietet unser Bauunternehmen innovative L\u00f6sungen f\u00fcr<br>verschiedenste Hausprojekte \u2013 von Terrassen \u00fcber Pergolen bis hin zu Poolh\u00e4usern und Carports.<br>Mit langj\u00e4hriger Erfahrung und einem hohen Ma\u00df an Flexibilit\u00e4t setzt das Team jeden gew\u00fcnschten<br>Entwurf um, egal ob modern, rustikal oder \u00f6kologisch im Einklang mit der Natur.<\/p>\n\n\n\n<p class=\"has-ast-global-color-1-color has-text-color has-link-color has-large-font-size wp-elements-79567e3c036d4021e20a0481b8efeac5\" style=\"line-height:1\"><strong>Ma\u00dfgeschneiderte Terrassen: Stil und Funktionalit\u00e4t, frei oder \u00fcberdacht<\/strong><\/p>\n\n\n\n<p class=\"has-medium-font-size\">Eine Terrasse ist das Herzst\u00fcck eines jeden Hauses im Freien. Unser Unternehmen gestaltet<br>individuelle Terrassenanlagen, die perfekt auf den Lebensstil abgestimmt sind. Sie k\u00f6nnen zwischen<br>verschiedenen Designs w\u00e4hlen, darunter offene, \u00fcberdachte oder verglaste Varianten. Besonders<br>interessant sind die nachhaltigen Holzmaterialien, darunter auch umweltfreundlich behandelte<br>H\u00f6lzer, die hohe Resistenz gegen Witterung, Schimmel und Sch\u00e4dlinge aufweisen, ohne chemische<br>Zus\u00e4tze. F\u00fcr den uruguayischen Sommer, mit seinen hei\u00dfen Tagen, sorgt eine gut isolierte Terrasse<br>f\u00fcr angenehme R\u00fcckzugsorte.<\/p>\n\n\n\n<p class=\"has-ast-global-color-1-color has-text-color has-link-color has-medium-font-size wp-elements-b9910ef409dc7233801b0a1caadb1462\" style=\"line-height:1\"><strong>Pergola ganz nach Ihrem Geschmack: \u00c4sthetik treffen auf Schattenkomfort<\/strong><\/p>\n\n\n\n<p class=\"has-medium-font-size\">Pergolen sind ideal, um einen schattigen Sitzbereich zu schaffen und gleichzeitig das Ambiente zu<br>verbessern. Unser Team bietet vielf\u00e4ltige Designs, die sich harmonisch in das<br>bestehende Umfeld integrieren. Ob Holz, Beton oder eine Kombination aus beiden \u2013 auf Wunsch<br>werden nachhaltige H\u00f6lzer wie Harth\u00f6lzer oder \u00f6kologisch behandelte Holzarten verwendet. Diese<br>bieten eine hohe Best\u00e4ndigkeit gegen Feuchtigkeit und Insekten, was gerade in der feuchten<br>Klimazone Uruguays entscheidend ist. Die Preise sind je nach Material und Design flexibel, wobei die<br>Langlebigkeit und das Design im Vordergrund stehen.<\/p>\n\n\n\n<p class=\"has-ast-global-color-1-color has-text-color has-link-color has-large-font-size wp-elements-9bfeff676035115a55e446d2d8f1f56a\" style=\"line-height:1\"><strong>Poolhaus Uruguay: Luxuri\u00f6se R\u00fcckzugsorte f\u00fcr den Sommer<\/strong><\/p>\n\n\n\n<h2 class=\"wp-block-heading\"><\/h2>\n\n\n\n<p class=\"has-medium-font-size\">Ein Poolhaus ist der perfekte Ort, um sch\u00f6ne Sommertage drau\u00dfen zu genie\u00dfen. Hier kann man mit<br>nat\u00fcrlichen Materialien und modernen Techniken ein langlebiges, \u00f6kologisches Haus bauen.<br>Wir integrieren bei Bedarf Massivbauweise oder hochwertige Harth\u00f6lzer, um den<br>individuellen W\u00fcnschen gerecht zu werden. Ein besonderer Fokus liegt auf thermischen<br>Eigenschaften und <a href=\"https:\/\/hausbauenuruguay.com\/es\/materialien-einrichtung-und-ausstattung-hausbau-uruguay\/\" target=\"_blank\" rel=\"noopener\" title=\"Materialien, Einrichtung und Ausstattung Hausbau URUGUAY\">Resistenz gegen Schimmel und Insekten<\/a>, was die Pflege erleichtert und die<br>Lebensdauer deutlich erh\u00f6ht.<\/p>\n\n\n\n<p class=\"has-ast-global-color-1-color has-text-color has-link-color has-large-font-size wp-elements-4a658f1a9fd99dfbb04b0db6b51e98d2\" style=\"line-height:1\"><\/p>\n\n\n\n<h2 class=\"wp-block-heading\"><strong>Uruguay Carport bauen: Funktionalit\u00e4t trifft auf Design<\/strong><\/h2>\n\n\n\n<p class=\"has-medium-font-size\">Abschlie\u00dfend bieten die Fachleute auch stilvolle Carports, die den Eingangsbereich aufwerten. Ob in<br>Holz, Beton oder hybrider Bauweise \u2013 gestaltet nach Wunsch des Kunden. Nachhaltige, <a href=\"https:\/\/hausbauenuruguay.com\/es\/nachhaltiges-bauen-in-uruguay-mit-schlamm-yakisugi-shou-sugi-banisobrick-okologische-bauarten-und-ihre-vorteile\/\" target=\"_blank\" rel=\"noopener\" title=\"Nachhaltiges Bauen in Uruguay mit Schlamm, Yakisugi, Shou Sugi Ban, Isobrick\">\u00f6kologisch<br>behandelte H\u00f6lzer<\/a> sind ebenso m\u00f6glich, um das Design umweltfreundlich zu gestalten. Durch die<br>Kombination aus Funktion, \u00c4sthetik und langlebigen Materialien schaffen wir<br>individuelle L\u00f6sungen, die jedem Budget und Geschmack gerecht werden.<br>Unser Team setzt auf Innovation, Qualit\u00e4t und Umweltbewusstsein, um<br>kreative und nachhaltige Bauprojekte in Uruguay Wirklichkeit werden zu lassen. Lassen Sie Ihrer<br>Kreativit\u00e4t freien Lauf und bauen Sie Ihr individuelles Zuhause!<\/p>\n\n\n\n<p><\/p>","protected":false},"excerpt":{"rendered":"<p>In Uruguay bietet unser Bauunternehmen innovative L\u00f6sungen f\u00fcrverschiedenste Hausprojekte \u2013 von Terrassen \u00fcber Pergolen bis hin zu Poolh\u00e4usern und Carports.Mit langj\u00e4hriger Erfahrung und einem hohen Ma\u00df an Flexibilit\u00e4t setzt das Team jeden gew\u00fcnschtenEntwurf um, egal ob modern, rustikal oder \u00f6kologisch im Einklang mit der Natur. Ma\u00dfgeschneiderte Terrassen: Stil und Funktionalit\u00e4t, frei oder \u00fcberdacht Eine Terrasse [&hellip;]<\/p>\n","protected":false},"author":1,"featured_media":0,"parent":0,"menu_order":0,"comment_status":"closed","ping_status":"closed","template":"","meta":{"_uag_custom_page_level_css":"","site-sidebar-layout":"default","site-content-layout":"","ast-site-content-layout":"default","site-content-style":"default","site-sidebar-style":"default","ast-global-header-display":"","ast-banner-title-visibility":"","ast-main-header-display":"","ast-hfb-above-header-display":"","ast-hfb-below-header-display":"","ast-hfb-mobile-header-display":"","site-post-title":"","ast-breadcrumbs-content":"","ast-featured-img":"","footer-sml-layout":"","ast-disable-related-posts":"","theme-transparent-header-meta":"","adv-header-id-meta":"","stick-header-meta":"","header-above-stick-meta":"","header-main-stick-meta":"","header-below-stick-meta":"","astra-migrate-meta-layouts":"set","ast-page-background-enabled":"default","ast-page-background-meta":{"desktop":{"background-color":"var(--ast-global-color-4)","background-image":"","background-repeat":"repeat","background-position":"center center","background-size":"auto","background-attachment":"scroll","background-type":"","background-media":"","overlay-type":"","overlay-color":"","overlay-opacity":"","overlay-gradient":""},"tablet":{"background-color":"","background-image":"","background-repeat":"repeat","background-position":"center center","background-size":"auto","background-attachment":"scroll","background-type":"","background-media":"","overlay-type":"","overlay-color":"","overlay-opacity":"","overlay-gradient":""},"mobile":{"background-color":"","background-image":"","background-repeat":"repeat","background-position":"center center","background-size":"auto","background-attachment":"scroll","background-type":"","background-media":"","overlay-type":"","overlay-color":"","overlay-opacity":"","overlay-gradient":""}},"ast-content-background-meta":{"desktop":{"background-color":"var(--ast-global-color-5)","background-image":"","background-repeat":"repeat","background-position":"center center","background-size":"auto","background-attachment":"scroll","background-type":"","background-media":"","overlay-type":"","overlay-color":"","overlay-opacity":"","overlay-gradient":""},"tablet":{"background-color":"var(--ast-global-color-5)","background-image":"","background-repeat":"repeat","background-position":"center center","background-size":"auto","background-attachment":"scroll","background-type":"","background-media":"","overlay-type":"","overlay-color":"","overlay-opacity":"","overlay-gradient":""},"mobile":{"background-color":"var(--ast-global-color-5)","background-image":"","background-repeat":"repeat","background-position":"center center","background-size":"auto","background-attachment":"scroll","background-type":"","background-media":"","overlay-type":"","overlay-color":"","overlay-opacity":"","overlay-gradient":""}},"footnotes":""},"class_list":["post-1569","page","type-page","status-publish","hentry"],"aioseo_notices":[],"_hostinger_reach_plugin_has_subscription_block":false,"_hostinger_reach_plugin_is_elementor":false,"uagb_featured_image_src":{"full":false,"thumbnail":false,"medium":false,"medium_large":false,"large":false,"1536x1536":false,"2048x2048":false,"trp-custom-language-flag":false},"uagb_author_info":{"display_name":"trytonano@hotmail.com","author_link":"https:\/\/hausbauenuruguay.com\/es\/author\/trytonanohotmail-com\/"},"uagb_comment_info":0,"uagb_excerpt":"In Uruguay bietet unser Bauunternehmen innovative L\u00f6sungen f\u00fcrverschiedenste Hausprojekte \u2013 von Terrassen \u00fcber Pergolen bis hin zu Poolh\u00e4usern und Carports.Mit langj\u00e4hriger Erfahrung und einem hohen Ma\u00df an Flexibilit\u00e4t setzt das Team jeden gew\u00fcnschtenEntwurf um, egal ob modern, rustikal oder \u00f6kologisch im Einklang mit der Natur. Ma\u00dfgeschneiderte Terrassen: Stil und Funktionalit\u00e4t, frei oder \u00fcberdacht Eine Terrasse&hellip;","_links":{"self":[{"href":"https:\/\/hausbauenuruguay.com\/es\/wp-json\/wp\/v2\/pages\/1569","targetHints":{"allow":["GET"]}}],"collection":[{"href":"https:\/\/hausbauenuruguay.com\/es\/wp-json\/wp\/v2\/pages"}],"about":[{"href":"https:\/\/hausbauenuruguay.com\/es\/wp-json\/wp\/v2\/types\/page"}],"author":[{"embeddable":true,"href":"https:\/\/hausbauenuruguay.com\/es\/wp-json\/wp\/v2\/users\/1"}],"replies":[{"embeddable":true,"href":"https:\/\/hausbauenuruguay.com\/es\/wp-json\/wp\/v2\/comments?post=1569"}],"version-history":[{"count":7,"href":"https:\/\/hausbauenuruguay.com\/es\/wp-json\/wp\/v2\/pages\/1569\/revisions"}],"predecessor-version":[{"id":1911,"href":"https:\/\/hausbauenuruguay.com\/es\/wp-json\/wp\/v2\/pages\/1569\/revisions\/1911"}],"wp:attachment":[{"href":"https:\/\/hausbauenuruguay.com\/es\/wp-json\/wp\/v2\/media?parent=1569"}],"curies":[{"name":"wp","href":"https:\/\/api.w.org\/{rel}","templated":true}]}}