{"id":1540,"date":"2025-11-12T22:42:15","date_gmt":"2025-11-12T22:42:15","guid":{"rendered":"https:\/\/hausbauenuruguay.com\/?page_id=1540"},"modified":"2025-12-03T20:53:49","modified_gmt":"2025-12-03T20:53:49","slug":"massivhaus-mit-zement-und-backstein","status":"publish","type":"page","link":"https:\/\/hausbauenuruguay.com\/es\/massivhaus-mit-zement-und-backstein\/","title":{"rendered":"Massivhaus bauen Uruguay mit Zement und Backstein"},"content":{"rendered":"<div\n\t\t\t\t\t\tclass=\"wp-block-uagb-image-gallery uagb-block-3a7c02ae\"\n\t\t\t\t\t\tstyle=\"\"\n\t\t\t\t\t>\n\t\t\t\t\t\t\t\t\t\t\t<div class=\"spectra-image-gallery spectra-image-gallery__layout--carousel\">\n\t\t\t\t\t\t\t\t<div class=\"uagb-slick-carousel uagb-block-3a7c02ae\">\n\t\t\t\t\t\t\t\t\t\t\t\t<div class='spectra-image-gallery__media-wrapper' data-spectra-gallery-image-id='1541'>\n\t\t\t\t\t\t\t<div class=\"spectra-image-gallery__media spectra-image-gallery__media--carousel\">\n\t\t\t\t<picture>\n\t\t\t\t\t<source media=\"(min-width: 1024px)\" srcset=\"http:\/\/hausbauenuruguay.com\/wp-content\/uploads\/2025\/11\/Screenshot_20251025-091432_Bing.jpg\">\n\t\t\t\t\t<source media=\"(min-width: 768px)\" srcset=\"http:\/\/hausbauenuruguay.com\/wp-content\/uploads\/2025\/11\/Screenshot_20251025-091432_Bing.jpg\">\n\t\t\t\t\t<img decoding=\"async\" class=\"spectra-image-gallery__media-thumbnail spectra-image-gallery__media-thumbnail--carousel\" src=\"http:\/\/hausbauenuruguay.com\/wp-content\/uploads\/2025\/11\/Screenshot_20251025-091432_Bing-300x227.jpg\" alt=\"screenshot 20251025 091432 bing\" loading=\"lazy\" title=\"Massivhaus bauen Uruguay mit Zement und Backstein\">\n\t\t\t\t<\/picture>\n\t\t\t\t<div class=\"spectra-image-gallery__media-thumbnail-blurrer\"><\/div>\n\t\t\t\t\t\t\t\t\t\t\t<div class=\"spectra-image-gallery__media-thumbnail-caption-wrapper spectra-image-gallery__media-thumbnail-caption-wrapper--overlay\">\n\t\t\t\t\t\t\t\t\t\t\t<div class=\"spectra-image-gallery__media-thumbnail-caption spectra-image-gallery__media-thumbnail-caption--overlay\">\n\t\t\t\t\tSin leyenda\t\t\t\t<\/div>\n\t\t\t\t\t\t\t\t\t\t<\/div>\n\t\t\t\t\t\t\t\t\t<\/div>\n\t\t\t\t\t\t<\/div>\n\t\t\t\t\t\t<div class='spectra-image-gallery__media-wrapper' data-spectra-gallery-image-id='1542'>\n\t\t\t\t\t\t\t<div class=\"spectra-image-gallery__media spectra-image-gallery__media--carousel\">\n\t\t\t\t<picture>\n\t\t\t\t\t<source media=\"(min-width: 1024px)\" srcset=\"http:\/\/hausbauenuruguay.com\/wp-content\/uploads\/2025\/11\/Screenshot_20251025-091457_Bing.jpg\">\n\t\t\t\t\t<source media=\"(min-width: 768px)\" srcset=\"http:\/\/hausbauenuruguay.com\/wp-content\/uploads\/2025\/11\/Screenshot_20251025-091457_Bing.jpg\">\n\t\t\t\t\t<img decoding=\"async\" class=\"spectra-image-gallery__media-thumbnail spectra-image-gallery__media-thumbnail--carousel\" src=\"http:\/\/hausbauenuruguay.com\/wp-content\/uploads\/2025\/11\/Screenshot_20251025-091457_Bing-300x211.jpg\" alt=\"screenshot 20251025 091457 bing\" loading=\"lazy\" title=\"Massivhaus bauen Uruguay mit Zement und Backstein\">\n\t\t\t\t<\/picture>\n\t\t\t\t<div class=\"spectra-image-gallery__media-thumbnail-blurrer\"><\/div>\n\t\t\t\t\t\t\t\t\t\t\t<div class=\"spectra-image-gallery__media-thumbnail-caption-wrapper spectra-image-gallery__media-thumbnail-caption-wrapper--overlay\">\n\t\t\t\t\t\t\t\t\t\t\t<div class=\"spectra-image-gallery__media-thumbnail-caption spectra-image-gallery__media-thumbnail-caption--overlay\">\n\t\t\t\t\tSin leyenda\t\t\t\t<\/div>\n\t\t\t\t\t\t\t\t\t\t<\/div>\n\t\t\t\t\t\t\t\t\t<\/div>\n\t\t\t\t\t\t<\/div>\n\t\t\t\t\t\t<div class='spectra-image-gallery__media-wrapper' data-spectra-gallery-image-id='1543'>\n\t\t\t\t\t\t\t<div class=\"spectra-image-gallery__media spectra-image-gallery__media--carousel\">\n\t\t\t\t<picture>\n\t\t\t\t\t<source media=\"(min-width: 1024px)\" srcset=\"http:\/\/hausbauenuruguay.com\/wp-content\/uploads\/2025\/11\/Screenshot_20251025-091753_Bing.jpg\">\n\t\t\t\t\t<source media=\"(min-width: 768px)\" srcset=\"http:\/\/hausbauenuruguay.com\/wp-content\/uploads\/2025\/11\/Screenshot_20251025-091753_Bing.jpg\">\n\t\t\t\t\t<img decoding=\"async\" class=\"spectra-image-gallery__media-thumbnail spectra-image-gallery__media-thumbnail--carousel\" src=\"http:\/\/hausbauenuruguay.com\/wp-content\/uploads\/2025\/11\/Screenshot_20251025-091753_Bing-300x289.jpg\" alt=\"screenshot 20251025 091753 bing\" loading=\"lazy\" title=\"Massivhaus bauen Uruguay mit Zement und Backstein\">\n\t\t\t\t<\/picture>\n\t\t\t\t<div class=\"spectra-image-gallery__media-thumbnail-blurrer\"><\/div>\n\t\t\t\t\t\t\t\t\t\t\t<div class=\"spectra-image-gallery__media-thumbnail-caption-wrapper spectra-image-gallery__media-thumbnail-caption-wrapper--overlay\">\n\t\t\t\t\t\t\t\t\t\t\t<div class=\"spectra-image-gallery__media-thumbnail-caption spectra-image-gallery__media-thumbnail-caption--overlay\">\n\t\t\t\t\tSin leyenda\t\t\t\t<\/div>\n\t\t\t\t\t\t\t\t\t\t<\/div>\n\t\t\t\t\t\t\t\t\t<\/div>\n\t\t\t\t\t\t<\/div>\n\t\t\t\t\t\t<div class='spectra-image-gallery__media-wrapper' data-spectra-gallery-image-id='1544'>\n\t\t\t\t\t\t\t<div class=\"spectra-image-gallery__media spectra-image-gallery__media--carousel\">\n\t\t\t\t<picture>\n\t\t\t\t\t<source media=\"(min-width: 1024px)\" srcset=\"http:\/\/hausbauenuruguay.com\/wp-content\/uploads\/2025\/11\/Screenshot_20251025-092500_Bing.jpg\">\n\t\t\t\t\t<source media=\"(min-width: 768px)\" srcset=\"http:\/\/hausbauenuruguay.com\/wp-content\/uploads\/2025\/11\/Screenshot_20251025-092500_Bing.jpg\">\n\t\t\t\t\t<img decoding=\"async\" class=\"spectra-image-gallery__media-thumbnail spectra-image-gallery__media-thumbnail--carousel\" src=\"http:\/\/hausbauenuruguay.com\/wp-content\/uploads\/2025\/11\/Screenshot_20251025-092500_Bing-300x296.jpg\" alt=\"screenshot 20251025 092500 bing\" loading=\"lazy\" title=\"Massivhaus bauen Uruguay mit Zement und Backstein\">\n\t\t\t\t<\/picture>\n\t\t\t\t<div class=\"spectra-image-gallery__media-thumbnail-blurrer\"><\/div>\n\t\t\t\t\t\t\t\t\t\t\t<div class=\"spectra-image-gallery__media-thumbnail-caption-wrapper spectra-image-gallery__media-thumbnail-caption-wrapper--overlay\">\n\t\t\t\t\t\t\t\t\t\t\t<div class=\"spectra-image-gallery__media-thumbnail-caption spectra-image-gallery__media-thumbnail-caption--overlay\">\n\t\t\t\t\tSin leyenda\t\t\t\t<\/div>\n\t\t\t\t\t\t\t\t\t\t<\/div>\n\t\t\t\t\t\t\t\t\t<\/div>\n\t\t\t\t\t\t<\/div>\n\t\t\t\t\t\t<div class='spectra-image-gallery__media-wrapper' data-spectra-gallery-image-id='1545'>\n\t\t\t\t\t\t\t<div class=\"spectra-image-gallery__media spectra-image-gallery__media--carousel\">\n\t\t\t\t<picture>\n\t\t\t\t\t<source media=\"(min-width: 1024px)\" srcset=\"http:\/\/hausbauenuruguay.com\/wp-content\/uploads\/2025\/11\/Screenshot_20251025-093542_Bing.jpg\">\n\t\t\t\t\t<source media=\"(min-width: 768px)\" srcset=\"http:\/\/hausbauenuruguay.com\/wp-content\/uploads\/2025\/11\/Screenshot_20251025-093542_Bing.jpg\">\n\t\t\t\t\t<img decoding=\"async\" class=\"spectra-image-gallery__media-thumbnail spectra-image-gallery__media-thumbnail--carousel\" src=\"http:\/\/hausbauenuruguay.com\/wp-content\/uploads\/2025\/11\/Screenshot_20251025-093542_Bing-295x300.jpg\" alt=\"screenshot 20251025 093542 bing\" loading=\"lazy\" title=\"Massivhaus bauen Uruguay mit Zement und Backstein\">\n\t\t\t\t<\/picture>\n\t\t\t\t<div class=\"spectra-image-gallery__media-thumbnail-blurrer\"><\/div>\n\t\t\t\t\t\t\t\t\t\t\t<div class=\"spectra-image-gallery__media-thumbnail-caption-wrapper spectra-image-gallery__media-thumbnail-caption-wrapper--overlay\">\n\t\t\t\t\t\t\t\t\t\t\t<div class=\"spectra-image-gallery__media-thumbnail-caption spectra-image-gallery__media-thumbnail-caption--overlay\">\n\t\t\t\t\tSin leyenda\t\t\t\t<\/div>\n\t\t\t\t\t\t\t\t\t\t<\/div>\n\t\t\t\t\t\t\t\t\t<\/div>\n\t\t\t\t\t\t<\/div>\n\t\t\t\t\t\t<div class='spectra-image-gallery__media-wrapper' data-spectra-gallery-image-id='1546'>\n\t\t\t\t\t\t\t<div class=\"spectra-image-gallery__media spectra-image-gallery__media--carousel\">\n\t\t\t\t<picture>\n\t\t\t\t\t<source media=\"(min-width: 1024px)\" srcset=\"http:\/\/hausbauenuruguay.com\/wp-content\/uploads\/2025\/11\/Screenshot_20251025-093956_Bing.jpg\">\n\t\t\t\t\t<source media=\"(min-width: 768px)\" srcset=\"http:\/\/hausbauenuruguay.com\/wp-content\/uploads\/2025\/11\/Screenshot_20251025-093956_Bing.jpg\">\n\t\t\t\t\t<img decoding=\"async\" class=\"spectra-image-gallery__media-thumbnail spectra-image-gallery__media-thumbnail--carousel\" src=\"http:\/\/hausbauenuruguay.com\/wp-content\/uploads\/2025\/11\/Screenshot_20251025-093956_Bing-278x300.jpg\" alt=\"screenshot 20251025 093956 bing\" loading=\"lazy\" title=\"Massivhaus bauen Uruguay mit Zement und Backstein\">\n\t\t\t\t<\/picture>\n\t\t\t\t<div class=\"spectra-image-gallery__media-thumbnail-blurrer\"><\/div>\n\t\t\t\t\t\t\t\t\t\t\t<div class=\"spectra-image-gallery__media-thumbnail-caption-wrapper spectra-image-gallery__media-thumbnail-caption-wrapper--overlay\">\n\t\t\t\t\t\t\t\t\t\t\t<div class=\"spectra-image-gallery__media-thumbnail-caption spectra-image-gallery__media-thumbnail-caption--overlay\">\n\t\t\t\t\tSin leyenda\t\t\t\t<\/div>\n\t\t\t\t\t\t\t\t\t\t<\/div>\n\t\t\t\t\t\t\t\t\t<\/div>\n\t\t\t\t\t\t<\/div>\n\t\t\t\t\t\t\t\t\t\t\t<\/div>\n\t\t\t\t\t\t\t<\/div>\n\t\t\t\t\t\t\t\t\t\t\t<\/div>\n\t\t\t\t\t\t\t\t\t\n\n\n<p class=\"has-ast-global-color-1-color has-text-color has-link-color has-large-font-size wp-elements-8365556439283e7c367a1acbd4eea435\" style=\"line-height:1\"><strong>Die Vorteile unserer Massivhausbauweise<\/strong><\/p>\n\n\n\n<p class=\"has-medium-font-size\">Haus bauen Uruguay by 3,4,5 construcciones realisiert f\u00fcr Sie <a href=\"https:\/\/butiaimmobilien.com\/haus-kaufen-la-paloma\/\" target=\"_blank\" rel=\"noopener nofollow\" title=\"\">Massivh\u00e4user aus Zement und<br>Backstein<\/a>, die sich durch au\u00dferordentliche Stabilit\u00e4t, Langlebigkeit und ein angenehmes Wohnklima<br>auszeichnen. Denken Sie daran, dass ein einfaches Mauerwerk nicht ausreichend d\u00e4mmt. Generell<br>werden die H\u00e4user mit einer Doppelwand aus Backstein gebaut. Diese traditionelle Bauweise<\/p>\n\n\n\n<p class=\"has-medium-font-size\">zeichnet sich durch sehr guten Schallschutz sowie hohe W\u00e4rmespeicherung aus, was f\u00fcr ein<br>behagliches Raumklima sorgt. Die massiven W\u00e4nde bieten dar\u00fcber hinaus optimale Sicherheit gegen<br>Umwelteinfl\u00fcsse und sind sehr widerstandsf\u00e4hig. Zudem erm\u00f6glicht die Bauweise aufgrund der<br>robusten <a href=\"https:\/\/hausbauenuruguay.com\/es\/materialien-einrichtung-und-ausstattung-hausbau-uruguay\/\" target=\"_blank\" rel=\"noopener\" title=\"Materialien, Einrichtung und Ausstattung Hausbau URUGUAY\">Materialien<\/a> eine individuelle und flexible Gestaltung nach Ihren W\u00fcnschen.<\/p>\n\n\n\n<figure class=\"wp-block-image size-large is-resized\"><img loading=\"lazy\" decoding=\"async\" width=\"1024\" height=\"768\" src=\"https:\/\/hausbauenuruguay.com\/wp-content\/uploads\/2025\/11\/15968-1024x768.jpg\" alt=\"15968\" class=\"wp-image-1759\" style=\"width:520px;height:auto\" title=\"Massivhaus bauen Uruguay mit Zement und Backstein\" srcset=\"https:\/\/hausbauenuruguay.com\/wp-content\/uploads\/2025\/11\/15968-1024x768.jpg 1024w, https:\/\/hausbauenuruguay.com\/wp-content\/uploads\/2025\/11\/15968-300x225.jpg 300w, https:\/\/hausbauenuruguay.com\/wp-content\/uploads\/2025\/11\/15968-768x576.jpg 768w, https:\/\/hausbauenuruguay.com\/wp-content\/uploads\/2025\/11\/15968.jpg 1066w\" sizes=\"auto, (max-width: 1024px) 100vw, 1024px\" \/><\/figure>\n\n\n\n<p class=\"has-ast-global-color-1-color has-text-color has-link-color has-large-font-size wp-elements-3e5a82e0679ec443c2fa30b66a8380f5\" style=\"line-height:1\"><strong>Uruguay Masivbauweise: Herausforderungen und h\u00f6here Kosten bei der Umsetzung<\/strong><\/p>\n\n\n\n<p class=\"has-medium-font-size\">Allerdings erfordert der Bau mit Zement und Backstein in Uruguay aufgrund der gesetzlichen<br>Vorgaben, h\u00f6here Sozialabgaben und administrative Auflagen. Diese Rahmenbedingungen f\u00fchren<br>dazu, dass die Gesamtkosten f\u00fcr ein schl\u00fcsselfertiges Massivhaus um bis zu einem Drittel h\u00f6her<br>ausfallen k\u00f6nnen als bei alternativen Bauweisen wie <a href=\"https:\/\/hausbauenuruguay.com\/es\/haus-bauen-uruguay-by-345-construciones-massivhausbauweisemit-zement-und-backstein\/\" target=\"_blank\" rel=\"noopener\" title=\"Haus bauen Uruguay by 3,4,5 construciones \u2013 Massivhausbauweisemit Zement und Backstein\">Woodframing<\/a> oder <a href=\"https:\/\/hausbauenuruguay.com\/es\/haus-bauen-uruguay-by-345-construciones-ihr-partner-fur-steel-framing-in-uruguay\/\" title=\"Haus bauen Uruguay by 3,4,5 construciones \u2013 Ihr Partner f\u00fcr Steel-Framing in Uruguay\">Steel-Framing<\/a>. Zudem ist<br>der Bauprozess durch die feuchten Baustoffe und die l\u00e4ngeren Trocknungszeiten zeitintensiver, was<br>den Aufwand und die Bauzeit erh\u00f6ht.<\/p>\n\n\n\n<p class=\"has-ast-global-color-1-color has-text-color has-link-color has-large-font-size wp-elements-cbd257656d02a409e2b2e064a661828c\" style=\"line-height:1\"><strong>Qualit\u00e4t und Erfahrung in Massivbau von Haus bauen Uruguay by 3,4,5 construcciones<\/strong><\/p>\n\n\n\n<p class=\"has-medium-font-size\">Trotz dieser Herausforderungen steht Haus bauen Uruguay by 3,4,5 construcciones f\u00fcr h\u00f6chste<br>Qualit\u00e4t und fachgerechte Ausf\u00fchrung der Massivbauweise. Mit langj\u00e4hriger Erfahrung begleiten wir<br>Sie vom Entwurf bis zur schl\u00fcsselfertigen \u00dcbergabe Ihres Massivhauses. Wir kombinieren dabei<br>traditionelle Baukunst mit modernen Standards f\u00fcr Energieeffizienz und Wohnkomfort, um ein<br>wertbest\u00e4ndiges Zuhause zu schaffen, das optimal an die klimatischen und rechtlichen Bedingungen<br>in Uruguay angepasst ist.<br>So bietet Ihnen unser Massivbaukonzept sichere, langlebige und komfortable Wohnl\u00f6sungen. Auch<br>wenn die Investition aufgrund gesetzlicher Sozialabgaben und l\u00e4ngerer Bauzeiten h\u00f6her ausf\u00e4llt als<br>bei anderen Bauarten. Mit Haus bauen Uruguay by 3,4,5 construcciones erhalten Sie ein<br>schl\u00fcsselfertiges Massivhaus, das Ihren Anspr\u00fcchen gerecht wird und langfristig seinen Wert beh\u00e4lt.<\/p>\n\n\n\n<p>Wir bieten ein Komplettangebot, bei dem Sie nur Ihre Wunschmaterialien und das Design ausw\u00e4hlen m\u00fcssen. Den Rest \u00fcbernehmen wir. Bei uns bedeutet: schl\u00fcsselfertig auch schl\u00fcsselfertig und einzugsbereit. <\/p>\n\n\n\n<p><\/p>","protected":false},"excerpt":{"rendered":"<p>Die Vorteile unserer Massivhausbauweise Haus bauen Uruguay by 3,4,5 construcciones realisiert f\u00fcr Sie Massivh\u00e4user aus Zement undBackstein, die sich durch au\u00dferordentliche Stabilit\u00e4t, Langlebigkeit und ein angenehmes Wohnklimaauszeichnen. Denken Sie daran, dass ein einfaches Mauerwerk nicht ausreichend d\u00e4mmt. Generellwerden die H\u00e4user mit einer Doppelwand aus Backstein gebaut. Diese traditionelle Bauweise zeichnet sich durch sehr guten Schallschutz [&hellip;]<\/p>\n","protected":false},"author":1,"featured_media":0,"parent":0,"menu_order":0,"comment_status":"closed","ping_status":"closed","template":"","meta":{"_uag_custom_page_level_css":"","site-sidebar-layout":"default","site-content-layout":"","ast-site-content-layout":"default","site-content-style":"default","site-sidebar-style":"default","ast-global-header-display":"","ast-banner-title-visibility":"","ast-main-header-display":"","ast-hfb-above-header-display":"","ast-hfb-below-header-display":"","ast-hfb-mobile-header-display":"","site-post-title":"","ast-breadcrumbs-content":"","ast-featured-img":"","footer-sml-layout":"","ast-disable-related-posts":"","theme-transparent-header-meta":"","adv-header-id-meta":"","stick-header-meta":"","header-above-stick-meta":"","header-main-stick-meta":"","header-below-stick-meta":"","astra-migrate-meta-layouts":"set","ast-page-background-enabled":"default","ast-page-background-meta":{"desktop":{"background-color":"var(--ast-global-color-4)","background-image":"","background-repeat":"repeat","background-position":"center center","background-size":"auto","background-attachment":"scroll","background-type":"","background-media":"","overlay-type":"","overlay-color":"","overlay-opacity":"","overlay-gradient":""},"tablet":{"background-color":"","background-image":"","background-repeat":"repeat","background-position":"center center","background-size":"auto","background-attachment":"scroll","background-type":"","background-media":"","overlay-type":"","overlay-color":"","overlay-opacity":"","overlay-gradient":""},"mobile":{"background-color":"","background-image":"","background-repeat":"repeat","background-position":"center center","background-size":"auto","background-attachment":"scroll","background-type":"","background-media":"","overlay-type":"","overlay-color":"","overlay-opacity":"","overlay-gradient":""}},"ast-content-background-meta":{"desktop":{"background-color":"var(--ast-global-color-5)","background-image":"","background-repeat":"repeat","background-position":"center center","background-size":"auto","background-attachment":"scroll","background-type":"","background-media":"","overlay-type":"","overlay-color":"","overlay-opacity":"","overlay-gradient":""},"tablet":{"background-color":"var(--ast-global-color-5)","background-image":"","background-repeat":"repeat","background-position":"center center","background-size":"auto","background-attachment":"scroll","background-type":"","background-media":"","overlay-type":"","overlay-color":"","overlay-opacity":"","overlay-gradient":""},"mobile":{"background-color":"var(--ast-global-color-5)","background-image":"","background-repeat":"repeat","background-position":"center center","background-size":"auto","background-attachment":"scroll","background-type":"","background-media":"","overlay-type":"","overlay-color":"","overlay-opacity":"","overlay-gradient":""}},"footnotes":""},"class_list":["post-1540","page","type-page","status-publish","hentry"],"aioseo_notices":[],"_hostinger_reach_plugin_has_subscription_block":false,"_hostinger_reach_plugin_is_elementor":false,"uagb_featured_image_src":{"full":false,"thumbnail":false,"medium":false,"medium_large":false,"large":false,"1536x1536":false,"2048x2048":false,"trp-custom-language-flag":false},"uagb_author_info":{"display_name":"trytonano@hotmail.com","author_link":"https:\/\/hausbauenuruguay.com\/es\/author\/trytonanohotmail-com\/"},"uagb_comment_info":0,"uagb_excerpt":"Die Vorteile unserer Massivhausbauweise Haus bauen Uruguay by 3,4,5 construcciones realisiert f\u00fcr Sie Massivh\u00e4user aus Zement undBackstein, die sich durch au\u00dferordentliche Stabilit\u00e4t, Langlebigkeit und ein angenehmes Wohnklimaauszeichnen. Denken Sie daran, dass ein einfaches Mauerwerk nicht ausreichend d\u00e4mmt. Generellwerden die H\u00e4user mit einer Doppelwand aus Backstein gebaut. Diese traditionelle Bauweise zeichnet sich durch sehr guten Schallschutz&hellip;","_links":{"self":[{"href":"https:\/\/hausbauenuruguay.com\/es\/wp-json\/wp\/v2\/pages\/1540","targetHints":{"allow":["GET"]}}],"collection":[{"href":"https:\/\/hausbauenuruguay.com\/es\/wp-json\/wp\/v2\/pages"}],"about":[{"href":"https:\/\/hausbauenuruguay.com\/es\/wp-json\/wp\/v2\/types\/page"}],"author":[{"embeddable":true,"href":"https:\/\/hausbauenuruguay.com\/es\/wp-json\/wp\/v2\/users\/1"}],"replies":[{"embeddable":true,"href":"https:\/\/hausbauenuruguay.com\/es\/wp-json\/wp\/v2\/comments?post=1540"}],"version-history":[{"count":8,"href":"https:\/\/hausbauenuruguay.com\/es\/wp-json\/wp\/v2\/pages\/1540\/revisions"}],"predecessor-version":[{"id":1808,"href":"https:\/\/hausbauenuruguay.com\/es\/wp-json\/wp\/v2\/pages\/1540\/revisions\/1808"}],"wp:attachment":[{"href":"https:\/\/hausbauenuruguay.com\/es\/wp-json\/wp\/v2\/media?parent=1540"}],"curies":[{"name":"wp","href":"https:\/\/api.w.org\/{rel}","templated":true}]}}