{"id":1520,"date":"2025-11-10T22:21:25","date_gmt":"2025-11-10T22:21:25","guid":{"rendered":"https:\/\/hausbauenuruguay.com\/?page_id=1520"},"modified":"2025-12-03T20:57:49","modified_gmt":"2025-12-03T20:57:49","slug":"steel-framing-hausbau","status":"publish","type":"page","link":"https:\/\/hausbauenuruguay.com\/es\/steel-framing-hausbau\/","title":{"rendered":"Haus bauen in Uruguay mit Steel-Framing: Modern, schnell &amp; nachhaltig"},"content":{"rendered":"<div\n\t\t\t\t\t\tclass=\"wp-block-uagb-image-gallery uagb-block-5c1798a6\"\n\t\t\t\t\t\tstyle=\"\"\n\t\t\t\t\t>\n\t\t\t\t\t\t\t\t\t\t\t<div class=\"spectra-image-gallery spectra-image-gallery__layout--carousel\">\n\t\t\t\t\t\t\t\t<div class=\"uagb-slick-carousel uagb-block-5c1798a6\">\n\t\t\t\t\t\t\t\t\t\t\t\t<div class='spectra-image-gallery__media-wrapper' data-spectra-gallery-image-id='1521'>\n\t\t\t\t\t\t\t<div class=\"spectra-image-gallery__media spectra-image-gallery__media--carousel\">\n\t\t\t\t<picture>\n\t\t\t\t\t<source media=\"(min-width: 1024px)\" srcset=\"http:\/\/hausbauenuruguay.com\/wp-content\/uploads\/2025\/11\/IMG-20250925-WA0007-1-1024x576.jpg\">\n\t\t\t\t\t<source media=\"(min-width: 768px)\" srcset=\"http:\/\/hausbauenuruguay.com\/wp-content\/uploads\/2025\/11\/IMG-20250925-WA0007-1-1024x576.jpg\">\n\t\t\t\t\t<img decoding=\"async\" class=\"spectra-image-gallery__media-thumbnail spectra-image-gallery__media-thumbnail--carousel\" src=\"http:\/\/hausbauenuruguay.com\/wp-content\/uploads\/2025\/11\/IMG-20250925-WA0007-1-300x169.jpg\" alt=\"img 20250925 wa0007 (1)\" loading=\"lazy\" title=\"Haus bauen in Uruguay mit Steel-Framing: Modern, schnell &amp; nachhaltig\">\n\t\t\t\t<\/picture>\n\t\t\t\t<div class=\"spectra-image-gallery__media-thumbnail-blurrer\"><\/div>\n\t\t\t\t\t\t\t\t\t\t\t<div class=\"spectra-image-gallery__media-thumbnail-caption-wrapper spectra-image-gallery__media-thumbnail-caption-wrapper--overlay\">\n\t\t\t\t\t\t\t\t\t\t\t<div class=\"spectra-image-gallery__media-thumbnail-caption spectra-image-gallery__media-thumbnail-caption--overlay\">\n\t\t\t\t\tSin leyenda\t\t\t\t<\/div>\n\t\t\t\t\t\t\t\t\t\t<\/div>\n\t\t\t\t\t\t\t\t\t<\/div>\n\t\t\t\t\t\t<\/div>\n\t\t\t\t\t\t<div class='spectra-image-gallery__media-wrapper' data-spectra-gallery-image-id='1522'>\n\t\t\t\t\t\t\t<div class=\"spectra-image-gallery__media spectra-image-gallery__media--carousel\">\n\t\t\t\t<picture>\n\t\t\t\t\t<source media=\"(min-width: 1024px)\" srcset=\"http:\/\/hausbauenuruguay.com\/wp-content\/uploads\/2025\/11\/IMG-20250925-WA0008-1-1024x576.jpg\">\n\t\t\t\t\t<source media=\"(min-width: 768px)\" srcset=\"http:\/\/hausbauenuruguay.com\/wp-content\/uploads\/2025\/11\/IMG-20250925-WA0008-1-1024x576.jpg\">\n\t\t\t\t\t<img decoding=\"async\" class=\"spectra-image-gallery__media-thumbnail spectra-image-gallery__media-thumbnail--carousel\" src=\"http:\/\/hausbauenuruguay.com\/wp-content\/uploads\/2025\/11\/IMG-20250925-WA0008-1-300x169.jpg\" alt=\"img 20250925 wa0008 (1)\" loading=\"lazy\" title=\"Haus bauen in Uruguay mit Steel-Framing: Modern, schnell &amp; nachhaltig\">\n\t\t\t\t<\/picture>\n\t\t\t\t<div class=\"spectra-image-gallery__media-thumbnail-blurrer\"><\/div>\n\t\t\t\t\t\t\t\t\t\t\t<div class=\"spectra-image-gallery__media-thumbnail-caption-wrapper spectra-image-gallery__media-thumbnail-caption-wrapper--overlay\">\n\t\t\t\t\t\t\t\t\t\t\t<div class=\"spectra-image-gallery__media-thumbnail-caption spectra-image-gallery__media-thumbnail-caption--overlay\">\n\t\t\t\t\tSin leyenda\t\t\t\t<\/div>\n\t\t\t\t\t\t\t\t\t\t<\/div>\n\t\t\t\t\t\t\t\t\t<\/div>\n\t\t\t\t\t\t<\/div>\n\t\t\t\t\t\t<div class='spectra-image-gallery__media-wrapper' data-spectra-gallery-image-id='1523'>\n\t\t\t\t\t\t\t<div class=\"spectra-image-gallery__media spectra-image-gallery__media--carousel\">\n\t\t\t\t<picture>\n\t\t\t\t\t<source media=\"(min-width: 1024px)\" srcset=\"http:\/\/hausbauenuruguay.com\/wp-content\/uploads\/2025\/11\/IMG-20250930-WA0001-1-1024x576.jpg\">\n\t\t\t\t\t<source media=\"(min-width: 768px)\" srcset=\"http:\/\/hausbauenuruguay.com\/wp-content\/uploads\/2025\/11\/IMG-20250930-WA0001-1-1024x576.jpg\">\n\t\t\t\t\t<img decoding=\"async\" class=\"spectra-image-gallery__media-thumbnail spectra-image-gallery__media-thumbnail--carousel\" src=\"http:\/\/hausbauenuruguay.com\/wp-content\/uploads\/2025\/11\/IMG-20250930-WA0001-1-300x169.jpg\" alt=\"img 20250930 wa0001 (1)\" loading=\"lazy\" title=\"Haus bauen in Uruguay mit Steel-Framing: Modern, schnell &amp; nachhaltig\">\n\t\t\t\t<\/picture>\n\t\t\t\t<div class=\"spectra-image-gallery__media-thumbnail-blurrer\"><\/div>\n\t\t\t\t\t\t\t\t\t\t\t<div class=\"spectra-image-gallery__media-thumbnail-caption-wrapper spectra-image-gallery__media-thumbnail-caption-wrapper--overlay\">\n\t\t\t\t\t\t\t\t\t\t\t<div class=\"spectra-image-gallery__media-thumbnail-caption spectra-image-gallery__media-thumbnail-caption--overlay\">\n\t\t\t\t\tSin leyenda\t\t\t\t<\/div>\n\t\t\t\t\t\t\t\t\t\t<\/div>\n\t\t\t\t\t\t\t\t\t<\/div>\n\t\t\t\t\t\t<\/div>\n\t\t\t\t\t\t<div class='spectra-image-gallery__media-wrapper' data-spectra-gallery-image-id='1524'>\n\t\t\t\t\t\t\t<div class=\"spectra-image-gallery__media spectra-image-gallery__media--carousel\">\n\t\t\t\t<picture>\n\t\t\t\t\t<source media=\"(min-width: 1024px)\" srcset=\"http:\/\/hausbauenuruguay.com\/wp-content\/uploads\/2025\/11\/Screenshot_20250922-180024_Instagram-1024x829.jpg\">\n\t\t\t\t\t<source media=\"(min-width: 768px)\" srcset=\"http:\/\/hausbauenuruguay.com\/wp-content\/uploads\/2025\/11\/Screenshot_20250922-180024_Instagram-1024x829.jpg\">\n\t\t\t\t\t<img decoding=\"async\" class=\"spectra-image-gallery__media-thumbnail spectra-image-gallery__media-thumbnail--carousel\" src=\"http:\/\/hausbauenuruguay.com\/wp-content\/uploads\/2025\/11\/Screenshot_20250922-180024_Instagram-300x243.jpg\" alt=\"screenshot 20250922 180024 instagram\" loading=\"lazy\" title=\"Haus bauen in Uruguay mit Steel-Framing: Modern, schnell &amp; nachhaltig\">\n\t\t\t\t<\/picture>\n\t\t\t\t<div class=\"spectra-image-gallery__media-thumbnail-blurrer\"><\/div>\n\t\t\t\t\t\t\t\t\t\t\t<div class=\"spectra-image-gallery__media-thumbnail-caption-wrapper spectra-image-gallery__media-thumbnail-caption-wrapper--overlay\">\n\t\t\t\t\t\t\t\t\t\t\t<div class=\"spectra-image-gallery__media-thumbnail-caption spectra-image-gallery__media-thumbnail-caption--overlay\">\n\t\t\t\t\tSin leyenda\t\t\t\t<\/div>\n\t\t\t\t\t\t\t\t\t\t<\/div>\n\t\t\t\t\t\t\t\t\t<\/div>\n\t\t\t\t\t\t<\/div>\n\t\t\t\t\t\t\t\t\t\t\t<\/div>\n\t\t\t\t\t\t\t<\/div>\n\t\t\t\t\t\t\t\t\t\t\t<\/div>\n\t\t\t\t\t\t\t\t\t\n\n\n<p class=\"has-ast-global-color-1-color has-text-color has-link-color has-large-font-size wp-elements-4e9640857cec7c8d4c6497bfec884539\" style=\"padding-top:var(--wp--preset--spacing--20);padding-right:var(--wp--preset--spacing--20);padding-bottom:var(--wp--preset--spacing--20);padding-left:var(--wp--preset--spacing--20);line-height:1\"><strong>Haus bauen Uruguay by 3tres4cinco \u2013 Ihr Partner f\u00fcr Steel-<br>Framing in Uruguay<\/strong><\/p>\n\n\n\n<p class=\"has-medium-font-size\">Bei Haus bauen Uruguay by tres4cinco steht ebenfalls die Bauweise Steel-Framing im<br>Mittelpunkt unseres Schaffens. Mit dieser modernen Technik bauen wir Ihnen nicht nur ein Haus,<br>sondern eine langlebige, stabile und gleichzeitig energieeffiziente Immobilie, die optimal an die<br>klimatischen Bedingungen in Uruguay angepasst ist. <a href=\"https:\/\/www.youtube.com\/shorts\/Y4ZG2VmRaqs\" target=\"_blank\" rel=\"noopener\" title=\"\">Steel-Framing<\/a> \u00fcberzeugt durch die Verwendung<br>leichtgewichtiger, aber extrem widerstandsf\u00e4higer Stahlprofile, die resistent gegen\u00fcber Sch\u00e4dlingen,<br>Feuchtigkeit und Verfall sind. Dadurch garantieren wir Ihnen hohe Qualit\u00e4t und Langlebigkeit Ihrer<br>Immobilie.<\/p>\n\n\n\n<p class=\"has-ast-global-color-1-color has-text-color has-link-color has-large-font-size wp-elements-a13a7c3a2d9755a3f6282c9d10c33f98\" style=\"padding-top:var(--wp--preset--spacing--20);padding-right:var(--wp--preset--spacing--20);padding-bottom:var(--wp--preset--spacing--20);padding-left:var(--wp--preset--spacing--20);line-height:1\"><strong>Schnelle und individuelle Umsetzung: Uruguay-Haus schl\u00fcsselfertig<br>\u00fcbergeben<\/strong><\/p>\n\n\n\n<p class=\"has-medium-font-size\">Wir legen gro\u00dfen Wert darauf, Ihr Steel-Framing-Haus z\u00fcgig und ganz nach Ihren W\u00fcnschen<br>fertigzustellen. Unsere erfahrenen Teams sorgen f\u00fcr einen reibungslosen Ablauf vom Entwurf bis zur<br>Fertigstellung. Dank der industriellen Vorfertigung der <a href=\"https:\/\/hausbauenuruguay.com\/es\/materialien-einrichtung-und-ausstattung-hausbau-uruguay\/\" target=\"_blank\" rel=\"noopener\" title=\"Materialien, Einrichtung und Ausstattung Hausbau URUGUAY\">Bauelemente<\/a> und der pr\u00e4zisen Montage vor<br>Ort verk\u00fcrzen wir die Bauzeiten erheblich. So erhalten Sie Ihr ma\u00dfgeschneidertes Traumhaus<br>termingerecht als schl\u00fcsselfertiges Objekt \u2013 bezugsfertig und ohne zus\u00e4tzliche Sorgen.<\/p>\n\n\n\n<p class=\"has-ast-global-color-1-color has-text-color has-link-color has-large-font-size wp-elements-2349bc9a7c3d7cdc1b2f770448527b57\" style=\"padding-top:var(--wp--preset--spacing--20);padding-right:var(--wp--preset--spacing--20);padding-bottom:var(--wp--preset--spacing--20);padding-left:var(--wp--preset--spacing--20);line-height:1\"><strong>Rundum sorglos mit Haus bauen Uruguay by tres4cinco<\/strong><\/p>\n\n\n\n<figure class=\"wp-block-image size-large is-resized\"><img loading=\"lazy\" decoding=\"async\" width=\"1024\" height=\"640\" src=\"https:\/\/hausbauenuruguay.com\/wp-content\/uploads\/2025\/11\/3tg89sqf-1024x640.png\" alt=\"3tg89sqf\" class=\"wp-image-1675\" style=\"width:843px;height:auto\" title=\"Haus bauen in Uruguay mit Steel-Framing: Modern, schnell &amp; nachhaltig\" srcset=\"https:\/\/hausbauenuruguay.com\/wp-content\/uploads\/2025\/11\/3tg89sqf-1024x640.png 1024w, https:\/\/hausbauenuruguay.com\/wp-content\/uploads\/2025\/11\/3tg89sqf-300x187.png 300w, https:\/\/hausbauenuruguay.com\/wp-content\/uploads\/2025\/11\/3tg89sqf-768x480.png 768w, https:\/\/hausbauenuruguay.com\/wp-content\/uploads\/2025\/11\/3tg89sqf.png 1066w\" sizes=\"auto, (max-width: 1024px) 100vw, 1024px\" \/><\/figure>\n\n\n\n<p class=\"has-medium-font-size\">Neben der z\u00fcgigen Bauweise koordinieren wir alle notwendigen Arbeitsschritte f\u00fcr Sie, von der<br>Planung \u00fcber die Verwaltung bis hin zur abschlie\u00dfenden Fertigstellung. Die H\u00e4user werden auf<br>Betons\u00e4ulen im Palafito-Stil errichtet, um Feuchtigkeitssch\u00e4den zu vermeiden und die Bel\u00fcftung zu<br>verbessern. Wir verwenden hochwertige Materialien, wie etwa <a href=\"https:\/\/hausbauenuruguay.com\/es\/haus-bauen-uruguay-wood-framing\/\" target=\"_blank\" rel=\"noopener\" title=\"Haus bauen Uruguay Wood-Framing\">CCA und MCA-behandeltes Kiefernholz<\/a>, aber<br>auf Wunsch auch Harth\u00f6lzer, Gipsplatten oder im H\u00f6lzer im traditionellen japanischen Stil (Yakisugi,<br>Shou Sugi Ban) f\u00fcr die Verkleidung, sowie moderne D\u00e4mmstoffe f\u00fcr besten W\u00e4rme- und<br>Schallschutz. Elektrische und sanit\u00e4re Installationen entsprechen allen aktuellen uruguayischen<br>Normen. Damit garantieren wir Ihnen hohen Komfort, Sicherheit und eine nachhaltige Bauweise, die<br>den Wert Ihres Hauses langfristig erh\u00e4lt.<br>Haus bauen Uruguay by tres4cinco ist Ihr verl\u00e4sslicher Partner f\u00fcr modernes, effizientes<br>und langlebiges Bauen mit Steel-Framing \u2013 damit Ihr Zuhause in Uruguay Wirklichkeit wird.<\/p>","protected":false},"excerpt":{"rendered":"<p>Haus bauen Uruguay by 3tres4cinco \u2013 Ihr Partner f\u00fcr Steel-Framing in Uruguay Bei Haus bauen Uruguay by tres4cinco steht ebenfalls die Bauweise Steel-Framing imMittelpunkt unseres Schaffens. Mit dieser modernen Technik bauen wir Ihnen nicht nur ein Haus,sondern eine langlebige, stabile und gleichzeitig energieeffiziente Immobilie, die optimal an dieklimatischen Bedingungen in Uruguay angepasst ist. Steel-Framing \u00fcberzeugt [&hellip;]<\/p>\n","protected":false},"author":1,"featured_media":0,"parent":0,"menu_order":0,"comment_status":"closed","ping_status":"closed","template":"","meta":{"_uag_custom_page_level_css":"","site-sidebar-layout":"default","site-content-layout":"","ast-site-content-layout":"default","site-content-style":"default","site-sidebar-style":"default","ast-global-header-display":"","ast-banner-title-visibility":"","ast-main-header-display":"","ast-hfb-above-header-display":"","ast-hfb-below-header-display":"","ast-hfb-mobile-header-display":"","site-post-title":"","ast-breadcrumbs-content":"","ast-featured-img":"","footer-sml-layout":"","ast-disable-related-posts":"","theme-transparent-header-meta":"","adv-header-id-meta":"","stick-header-meta":"","header-above-stick-meta":"","header-main-stick-meta":"","header-below-stick-meta":"","astra-migrate-meta-layouts":"set","ast-page-background-enabled":"default","ast-page-background-meta":{"desktop":{"background-color":"var(--ast-global-color-4)","background-image":"","background-repeat":"repeat","background-position":"center center","background-size":"auto","background-attachment":"scroll","background-type":"","background-media":"","overlay-type":"","overlay-color":"","overlay-opacity":"","overlay-gradient":""},"tablet":{"background-color":"","background-image":"","background-repeat":"repeat","background-position":"center center","background-size":"auto","background-attachment":"scroll","background-type":"","background-media":"","overlay-type":"","overlay-color":"","overlay-opacity":"","overlay-gradient":""},"mobile":{"background-color":"","background-image":"","background-repeat":"repeat","background-position":"center center","background-size":"auto","background-attachment":"scroll","background-type":"","background-media":"","overlay-type":"","overlay-color":"","overlay-opacity":"","overlay-gradient":""}},"ast-content-background-meta":{"desktop":{"background-color":"var(--ast-global-color-5)","background-image":"","background-repeat":"repeat","background-position":"center center","background-size":"auto","background-attachment":"scroll","background-type":"","background-media":"","overlay-type":"","overlay-color":"","overlay-opacity":"","overlay-gradient":""},"tablet":{"background-color":"var(--ast-global-color-5)","background-image":"","background-repeat":"repeat","background-position":"center center","background-size":"auto","background-attachment":"scroll","background-type":"","background-media":"","overlay-type":"","overlay-color":"","overlay-opacity":"","overlay-gradient":""},"mobile":{"background-color":"var(--ast-global-color-5)","background-image":"","background-repeat":"repeat","background-position":"center center","background-size":"auto","background-attachment":"scroll","background-type":"","background-media":"","overlay-type":"","overlay-color":"","overlay-opacity":"","overlay-gradient":""}},"footnotes":""},"class_list":["post-1520","page","type-page","status-publish","hentry"],"aioseo_notices":[],"_hostinger_reach_plugin_has_subscription_block":false,"_hostinger_reach_plugin_is_elementor":false,"uagb_featured_image_src":{"full":false,"thumbnail":false,"medium":false,"medium_large":false,"large":false,"1536x1536":false,"2048x2048":false,"trp-custom-language-flag":false},"uagb_author_info":{"display_name":"trytonano@hotmail.com","author_link":"https:\/\/hausbauenuruguay.com\/es\/author\/trytonanohotmail-com\/"},"uagb_comment_info":0,"uagb_excerpt":"Haus bauen Uruguay by 3tres4cinco \u2013 Ihr Partner f\u00fcr Steel-Framing in Uruguay Bei Haus bauen Uruguay by tres4cinco steht ebenfalls die Bauweise Steel-Framing imMittelpunkt unseres Schaffens. Mit dieser modernen Technik bauen wir Ihnen nicht nur ein Haus,sondern eine langlebige, stabile und gleichzeitig energieeffiziente Immobilie, die optimal an dieklimatischen Bedingungen in Uruguay angepasst ist. Steel-Framing \u00fcberzeugt&hellip;","_links":{"self":[{"href":"https:\/\/hausbauenuruguay.com\/es\/wp-json\/wp\/v2\/pages\/1520","targetHints":{"allow":["GET"]}}],"collection":[{"href":"https:\/\/hausbauenuruguay.com\/es\/wp-json\/wp\/v2\/pages"}],"about":[{"href":"https:\/\/hausbauenuruguay.com\/es\/wp-json\/wp\/v2\/types\/page"}],"author":[{"embeddable":true,"href":"https:\/\/hausbauenuruguay.com\/es\/wp-json\/wp\/v2\/users\/1"}],"replies":[{"embeddable":true,"href":"https:\/\/hausbauenuruguay.com\/es\/wp-json\/wp\/v2\/comments?post=1520"}],"version-history":[{"count":28,"href":"https:\/\/hausbauenuruguay.com\/es\/wp-json\/wp\/v2\/pages\/1520\/revisions"}],"predecessor-version":[{"id":1907,"href":"https:\/\/hausbauenuruguay.com\/es\/wp-json\/wp\/v2\/pages\/1520\/revisions\/1907"}],"wp:attachment":[{"href":"https:\/\/hausbauenuruguay.com\/es\/wp-json\/wp\/v2\/media?parent=1520"}],"curies":[{"name":"wp","href":"https:\/\/api.w.org\/{rel}","templated":true}]}}