{"id":1483,"date":"2025-11-10T21:16:01","date_gmt":"2025-11-10T21:16:01","guid":{"rendered":"https:\/\/hausbauenuruguay.com\/?page_id=1483"},"modified":"2026-01-07T19:22:58","modified_gmt":"2026-01-07T19:22:58","slug":"haus-bauen-tinyhouse-43m2","status":"publish","type":"page","link":"https:\/\/hausbauenuruguay.com\/es\/haus-bauen-tinyhouse-43m2\/","title":{"rendered":"Uruguay Tinyhouse Fertighaus mit Terrasse schl\u00fcsselfertig"},"content":{"rendered":"<div\n\t\t\t\t\t\tclass=\"wp-block-uagb-image-gallery uagb-block-7a2844a6\"\n\t\t\t\t\t\tstyle=\"\"\n\t\t\t\t\t>\n\t\t\t\t\t\t\t\t\t\t\t<div class=\"spectra-image-gallery spectra-image-gallery__layout--carousel\">\n\t\t\t\t\t\t\t\t<div class=\"uagb-slick-carousel uagb-block-7a2844a6\">\n\t\t\t\t\t\t\t\t\t\t\t\t<div class='spectra-image-gallery__media-wrapper' data-spectra-gallery-image-id='1484'>\n\t\t\t\t\t\t\t<div class=\"spectra-image-gallery__media spectra-image-gallery__media--carousel\">\n\t\t\t\t<picture>\n\t\t\t\t\t<source media=\"(min-width: 1024px)\" srcset=\"http:\/\/hausbauenuruguay.com\/wp-content\/uploads\/2025\/11\/IMG-20251003-WA0010.jpg\">\n\t\t\t\t\t<source media=\"(min-width: 768px)\" srcset=\"http:\/\/hausbauenuruguay.com\/wp-content\/uploads\/2025\/11\/IMG-20251003-WA0010-1024x683.jpg\">\n\t\t\t\t\t<img decoding=\"async\" class=\"spectra-image-gallery__media-thumbnail spectra-image-gallery__media-thumbnail--carousel\" src=\"http:\/\/hausbauenuruguay.com\/wp-content\/uploads\/2025\/11\/IMG-20251003-WA0010-300x200.jpg\" alt=\"img 20251003 wa0010\" loading=\"lazy\" title=\"Uruguay Tinyhouse Fertighaus mit Terrasse schl\u00fcsselfertig\">\n\t\t\t\t<\/picture>\n\t\t\t\t<div class=\"spectra-image-gallery__media-thumbnail-blurrer\"><\/div>\n\t\t\t\t\t\t\t\t\t\t\t<div class=\"spectra-image-gallery__media-thumbnail-caption-wrapper spectra-image-gallery__media-thumbnail-caption-wrapper--overlay\">\n\t\t\t\t\t\t\t\t\t\t\t<div class=\"spectra-image-gallery__media-thumbnail-caption spectra-image-gallery__media-thumbnail-caption--overlay\">\n\t\t\t\t\tSin leyenda\t\t\t\t<\/div>\n\t\t\t\t\t\t\t\t\t\t<\/div>\n\t\t\t\t\t\t\t\t\t<\/div>\n\t\t\t\t\t\t<\/div>\n\t\t\t\t\t\t<div class='spectra-image-gallery__media-wrapper' data-spectra-gallery-image-id='1485'>\n\t\t\t\t\t\t\t<div class=\"spectra-image-gallery__media spectra-image-gallery__media--carousel\">\n\t\t\t\t<picture>\n\t\t\t\t\t<source media=\"(min-width: 1024px)\" srcset=\"http:\/\/hausbauenuruguay.com\/wp-content\/uploads\/2025\/11\/IMG-20251003-WA0011-1.jpg\">\n\t\t\t\t\t<source media=\"(min-width: 768px)\" srcset=\"http:\/\/hausbauenuruguay.com\/wp-content\/uploads\/2025\/11\/IMG-20251003-WA0011-1-1024x683.jpg\">\n\t\t\t\t\t<img decoding=\"async\" class=\"spectra-image-gallery__media-thumbnail spectra-image-gallery__media-thumbnail--carousel\" src=\"http:\/\/hausbauenuruguay.com\/wp-content\/uploads\/2025\/11\/IMG-20251003-WA0011-1-300x200.jpg\" alt=\"img 20251003 wa0011 (1)\" loading=\"lazy\" title=\"Uruguay Tinyhouse Fertighaus mit Terrasse schl\u00fcsselfertig\">\n\t\t\t\t<\/picture>\n\t\t\t\t<div class=\"spectra-image-gallery__media-thumbnail-blurrer\"><\/div>\n\t\t\t\t\t\t\t\t\t\t\t<div class=\"spectra-image-gallery__media-thumbnail-caption-wrapper spectra-image-gallery__media-thumbnail-caption-wrapper--overlay\">\n\t\t\t\t\t\t\t\t\t\t\t<div class=\"spectra-image-gallery__media-thumbnail-caption spectra-image-gallery__media-thumbnail-caption--overlay\">\n\t\t\t\t\tSin leyenda\t\t\t\t<\/div>\n\t\t\t\t\t\t\t\t\t\t<\/div>\n\t\t\t\t\t\t\t\t\t<\/div>\n\t\t\t\t\t\t<\/div>\n\t\t\t\t\t\t<div class='spectra-image-gallery__media-wrapper' data-spectra-gallery-image-id='1487'>\n\t\t\t\t\t\t\t<div class=\"spectra-image-gallery__media spectra-image-gallery__media--carousel\">\n\t\t\t\t<picture>\n\t\t\t\t\t<source media=\"(min-width: 1024px)\" srcset=\"http:\/\/hausbauenuruguay.com\/wp-content\/uploads\/2025\/11\/Screenshot_20251003-201805_Adobe-Acrobat-1.jpg\">\n\t\t\t\t\t<source media=\"(min-width: 768px)\" srcset=\"http:\/\/hausbauenuruguay.com\/wp-content\/uploads\/2025\/11\/Screenshot_20251003-201805_Adobe-Acrobat-1-1024x716.jpg\">\n\t\t\t\t\t<img decoding=\"async\" class=\"spectra-image-gallery__media-thumbnail spectra-image-gallery__media-thumbnail--carousel\" src=\"http:\/\/hausbauenuruguay.com\/wp-content\/uploads\/2025\/11\/Screenshot_20251003-201805_Adobe-Acrobat-1-300x210.jpg\" alt=\"screenshot 20251003 201805 adobe acrobat (1)\" loading=\"lazy\" title=\"Uruguay Tinyhouse Fertighaus mit Terrasse schl\u00fcsselfertig\">\n\t\t\t\t<\/picture>\n\t\t\t\t<div class=\"spectra-image-gallery__media-thumbnail-blurrer\"><\/div>\n\t\t\t\t\t\t\t\t\t\t\t<div class=\"spectra-image-gallery__media-thumbnail-caption-wrapper spectra-image-gallery__media-thumbnail-caption-wrapper--overlay\">\n\t\t\t\t\t\t\t\t\t\t\t<div class=\"spectra-image-gallery__media-thumbnail-caption spectra-image-gallery__media-thumbnail-caption--overlay\">\n\t\t\t\t\tSin leyenda\t\t\t\t<\/div>\n\t\t\t\t\t\t\t\t\t\t<\/div>\n\t\t\t\t\t\t\t\t\t<\/div>\n\t\t\t\t\t\t<\/div>\n\t\t\t\t\t\t<div class='spectra-image-gallery__media-wrapper' data-spectra-gallery-image-id='1489'>\n\t\t\t\t\t\t\t<div class=\"spectra-image-gallery__media spectra-image-gallery__media--carousel\">\n\t\t\t\t<picture>\n\t\t\t\t\t<source media=\"(min-width: 1024px)\" srcset=\"http:\/\/hausbauenuruguay.com\/wp-content\/uploads\/2025\/11\/Screenshot_20251003-201949_Adobe-Acrobat-1.jpg\">\n\t\t\t\t\t<source media=\"(min-width: 768px)\" srcset=\"http:\/\/hausbauenuruguay.com\/wp-content\/uploads\/2025\/11\/Screenshot_20251003-201949_Adobe-Acrobat-1-1024x698.jpg\">\n\t\t\t\t\t<img decoding=\"async\" class=\"spectra-image-gallery__media-thumbnail spectra-image-gallery__media-thumbnail--carousel\" src=\"http:\/\/hausbauenuruguay.com\/wp-content\/uploads\/2025\/11\/Screenshot_20251003-201949_Adobe-Acrobat-1-300x204.jpg\" alt=\"screenshot 20251003 201949 adobe acrobat (1)\" loading=\"lazy\" title=\"Uruguay Tinyhouse Fertighaus mit Terrasse schl\u00fcsselfertig\">\n\t\t\t\t<\/picture>\n\t\t\t\t<div class=\"spectra-image-gallery__media-thumbnail-blurrer\"><\/div>\n\t\t\t\t\t\t\t\t\t\t\t<div class=\"spectra-image-gallery__media-thumbnail-caption-wrapper spectra-image-gallery__media-thumbnail-caption-wrapper--overlay\">\n\t\t\t\t\t\t\t\t\t\t\t<div class=\"spectra-image-gallery__media-thumbnail-caption spectra-image-gallery__media-thumbnail-caption--overlay\">\n\t\t\t\t\tSin leyenda\t\t\t\t<\/div>\n\t\t\t\t\t\t\t\t\t\t<\/div>\n\t\t\t\t\t\t\t\t\t<\/div>\n\t\t\t\t\t\t<\/div>\n\t\t\t\t\t\t\t\t\t\t\t<\/div>\n\t\t\t\t\t\t\t<\/div>\n\t\t\t\t\t\t\t\t\t\t\t<\/div>\n\t\t\t\t\t\t\t\t\t\n\n\n<p class=\"has-ast-global-color-1-color has-text-color has-link-color has-large-font-size wp-elements-5f9225d1401598b2e7d21821e972ea8d\" style=\"line-height:1\"><strong>Haus bauen Uruguay Tinyhouse mit Terrasse schl\u00fcsselfertig <\/strong><\/p>\n\n\n\n<p class=\"has-medium-font-size\">Bei Holzbau entwerfen und bauen wir \u00f6kologische, nachhaltige Wohnl\u00f6sungen, die an die aktuellen<br>Bed\u00fcrfnisse angepasst sind, und kombinieren dabei Qualit\u00e4t, Effizienz und Komfort.<\/p>\n\n\n\n<p class=\"has-medium-font-size\">Wir verwenden das <a href=\"https:\/\/hausbauenuruguay.com\/es\/haus-bauen-uruguay-wood-framing\/\" target=\"_blank\" rel=\"noopener nofollow\" title=\"Haus bauen Uruguay Wood-Framing\">Wood-Frame-System<\/a>, das weltweit f\u00fcr seine Energieeffizienz, Haltbarkeit und<br>schnelle Ausf\u00fchrung bekannt ist. Wir verwenden behandeltes CCA-Kiefernholz oder das neue und \u00f6kologischere Holz MCA. Es handelt sich dabei um ein hoch resistentes<br>und langlebiges Material, das mit einer Schutzbehandlung versehen ist, die seine Lebensdauer<br>verl\u00e4ngert. Dieses sch\u00fctzt auf einer verbesserten \u00f6kologischen Basis vor Feuchtigkeit, Insekten und Schimmel. Das Holz wird in einer Struktur<br>aus 2\u201dx4\u201d alle 41 cm verwendet und mit 12 mm OSB-Strukturtafeln verst\u00e4rkt. <\/p>\n\n\n\n<figure class=\"wp-block-image size-medium is-resized\"><img loading=\"lazy\" decoding=\"async\" width=\"300\" height=\"233\" src=\"https:\/\/hausbauenuruguay.com\/wp-content\/uploads\/2025\/11\/Screenshot_20251110-145921_WhatsApp-300x233.jpg\" alt=\"screenshot 20251110 145921 whatsapp\" class=\"wp-image-1755\" style=\"width:322px;height:auto\" title=\"Uruguay Tinyhouse Fertighaus mit Terrasse schl\u00fcsselfertig\" srcset=\"https:\/\/hausbauenuruguay.com\/wp-content\/uploads\/2025\/11\/Screenshot_20251110-145921_WhatsApp-300x233.jpg 300w, https:\/\/hausbauenuruguay.com\/wp-content\/uploads\/2025\/11\/Screenshot_20251110-145921_WhatsApp-1024x795.jpg 1024w, https:\/\/hausbauenuruguay.com\/wp-content\/uploads\/2025\/11\/Screenshot_20251110-145921_WhatsApp-768x596.jpg 768w, https:\/\/hausbauenuruguay.com\/wp-content\/uploads\/2025\/11\/Screenshot_20251110-145921_WhatsApp.jpg 1078w\" sizes=\"auto, (max-width: 300px) 100vw, 300px\" \/><\/figure>\n\n\n\n<p class=\"has-medium-font-size\">Wir integrieren eine<br>Tyvek (DuPont)-Feuchtigkeitssperre f\u00fcr maximalen Schutz und bieten Au\u00dfenverkleidungen aus CCA-<br>Kiefernholz oder Siding, mit einem 1 Zoll (2,54 cm) Luftspalt, der die Isolierung und Bel\u00fcftung der Wohnung<br>verbessert. Optionen sind bspw. eine Bauweise mit widerstandsf\u00e4higen und optisch reizvollen <a href=\"https:\/\/hausbauenuruguay.com\/es\/haus-bauen-uruguay-wood-framing\/\" target=\"_blank\" rel=\"noopener\" title=\"Haus bauen Uruguay Wood-Framing\">Eukalyptus-Fingerzinkverbindungen<\/a>.<br>Die interne Isolierung wird mit 5 mm Isover-Glasfaser durchgef\u00fchrt, um hervorragenden<br>thermischen und akustischen Komfort zu gew\u00e4hrleisten. Die Innenverkleidung kann nach Wunsch<br>mit Phenolplatten oder Gipskartonplatten gew\u00e4hlt werden. Au\u00dfen- und Innengestaltung k\u00f6nnen personalisiert werden.<\/p>\n\n\n\n<p class=\"has-ast-global-color-1-color has-text-color has-link-color has-large-font-size wp-elements-65e72da121c71aef5aea522baf5d65bb\" style=\"line-height:1\"><strong>Dacharten Uruguay Hausbau<\/strong><\/p>\n\n\n\n<p class=\"has-medium-font-size\">Wir bieten verschiedene Dacharten, die jeweils an das Design und das Klima jedes Projekts angepasst sind,<br>darunter:<br><strong>Satteldach<\/strong> mit vorlackierter Blechabdeckung, W\u00e4rmed\u00e4mmung und einem abgesenktem Himmel aus Phenol- oder<br>Gipskartonplatten.<br><strong>Eingleisdach<\/strong>, ebenfalls mit den gleichen Materialien: vorlackierte Blechabdeckung, W\u00e4rmed\u00e4mmung<br>und Himmel aus Phenol- oder Gipskartonplatten, ideal f\u00fcr moderne Designs oder kleinere R\u00e4ume.<\/p>\n\n\n\n<div class=\"wp-block-uagb-image uagb-block-3425984d wp-block-uagb-image--layout-default wp-block-uagb-image--effect-static wp-block-uagb-image--align-none\"><figure class=\"wp-block-uagb-image__figure\"><img decoding=\"async\" srcset=\"https:\/\/hausbauenuruguay.com\/wp-content\/uploads\/2026\/01\/Screenshot_20251208-173710_Adobe-Acrobat-659x1024.jpg ,https:\/\/hausbauenuruguay.com\/wp-content\/uploads\/2026\/01\/Screenshot_20251208-173710_Adobe-Acrobat.jpg 780w, https:\/\/hausbauenuruguay.com\/wp-content\/uploads\/2026\/01\/Screenshot_20251208-173710_Adobe-Acrobat.jpg 360w\" sizes=\"auto, (max-width: 480px) 150px\" src=\"https:\/\/hausbauenuruguay.com\/wp-content\/uploads\/2026\/01\/Screenshot_20251208-173710_Adobe-Acrobat-659x1024.jpg\" alt=\"screenshot 20251208 173710 adobe acrobat\" class=\"uag-image-1928\" width=\"444\" height=\"688\" title=\"screenshot 20251208 173710 adobe acrobat\" loading=\"lazy\" role=\"img\"\/><\/figure><\/div>\n\n\n\n<p class=\"has-medium-font-size\">Stellen Sie doch ein oder gleich mehrere Tinyhaus-Fertigh\u00e4user auf unsere traumhaft gelegenen <a href=\"https:\/\/butiaimmobilien.com\/property\/deutsche-gemeinschaft-in-uruguay\/\" target=\"_blank\" rel=\"noopener nofollow\" title=\"\">Uruguay Grundst\u00fccke<\/a> und schaffen Sie sich ein zweites Einkommen durch Vermietung. Optionen bspw: ein Zimmer, K\u00fcche und Bad, zwei Zimmer, K\u00fcche und Bad, Abstellraum (Elektroger\u00e4te) sowie einen Querschnitt des Daches und der Wandstruktur (letztere lassen sich je nach Bedarf anpassen)<br><\/p>\n\n\n\n<div class=\"wp-block-uagb-image uagb-block-36e963a2 wp-block-uagb-image--layout-default wp-block-uagb-image--effect-static wp-block-uagb-image--align-none\"><figure class=\"wp-block-uagb-image__figure\"><img decoding=\"async\" srcset=\"https:\/\/hausbauenuruguay.com\/wp-content\/uploads\/2026\/01\/Screenshot_20260105-190832_Adobe-Acrobat-1024x762.jpg ,https:\/\/hausbauenuruguay.com\/wp-content\/uploads\/2026\/01\/Screenshot_20260105-190832_Adobe-Acrobat.jpg 780w, https:\/\/hausbauenuruguay.com\/wp-content\/uploads\/2026\/01\/Screenshot_20260105-190832_Adobe-Acrobat.jpg 360w\" sizes=\"auto, (max-width: 480px) 150px\" src=\"https:\/\/hausbauenuruguay.com\/wp-content\/uploads\/2026\/01\/Screenshot_20260105-190832_Adobe-Acrobat-1024x762.jpg\" alt=\"screenshot 20260105 190832 adobe acrobat\" class=\"uag-image-1926\" width=\"488\" height=\"309\" title=\"screenshot 20260105 190832 adobe acrobat\" loading=\"lazy\" role=\"img\"\/><\/figure><\/div>\n\n\n\n<p class=\"has-medium-font-size\">Die Au\u00dfen\u00f6ffnungen bestehen aus Modena-Aluminium oder \u00e4hnlichem, mit einfachem Glas oder<br>DVH (doppeltverglastes, hermetisches Glas), je nach Wunsch, was eine bessere thermische und<br>akustische Isolierung bietet. Innent\u00fcren k\u00f6nnen aus MDF oder massivem Holz bestehen, und<br>Au\u00dfent\u00fcren aus behandeltem Holz oder Metall, je nach Nutzung und Design.<br>Unsere H\u00e4user werden auf Betonpf\u00e4hlen im Palafito-Stil errichtet, wodurch ein Abstand zwischen<br>dem Haus und dem Boden entsteht, der vor Feuchtigkeit sch\u00fctzt und die Bel\u00fcftung verbessert.<br>Endabnahme: Die H\u00e4user werden vollst\u00e4ndig mit Holzschutzfarbe lackiert geliefert, was eine<br>zus\u00e4tzliche Schutzschicht gegen Witterungseinfl\u00fcsse bietet und f\u00fcr eine hervorragende \u00e4sthetische<br>Ausf\u00fchrung sorgt.<\/p>\n\n\n\n<p class=\"has-medium-font-size\"><br>Alle elektrischen und sanit\u00e4ren Installationen entsprechen den aktuellen Vorschriften der nationalen  Strom- und Wasserversorger UTE und OSE. Damit sind Qualit\u00e4t und Sicherheit gew\u00e4hrleistet.<br>Lieferzeit: Wir bauen etwa 15 m\u00b2 pro Monat, je nach den Merkmalen und der Komplexit\u00e4t jedes<br>Projekts. Inklusive sind K\u00fcche und Bad. Ausstattung im mittleren Preissegment.<br>Festpreis: Beinhaltet alle Materialien, Arbeitskosten, Honorare und Steuern. Wir k\u00fcmmern uns um<br>alles, damit du dich einfach auf dein neues Zuhause freuen kannst.<\/p>\n\n\n\n<p><\/p>","protected":false},"excerpt":{"rendered":"<p>Haus bauen Uruguay Tinyhouse mit Terrasse schl\u00fcsselfertig Bei Holzbau entwerfen und bauen wir \u00f6kologische, nachhaltige Wohnl\u00f6sungen, die an die aktuellenBed\u00fcrfnisse angepasst sind, und kombinieren dabei Qualit\u00e4t, Effizienz und Komfort. Wir verwenden das Wood-Frame-System, das weltweit f\u00fcr seine Energieeffizienz, Haltbarkeit undschnelle Ausf\u00fchrung bekannt ist. Wir verwenden behandeltes CCA-Kiefernholz oder das neue und \u00f6kologischere Holz MCA. Es [&hellip;]<\/p>\n","protected":false},"author":1,"featured_media":0,"parent":0,"menu_order":0,"comment_status":"closed","ping_status":"closed","template":"","meta":{"_uag_custom_page_level_css":"","site-sidebar-layout":"default","site-content-layout":"","ast-site-content-layout":"default","site-content-style":"default","site-sidebar-style":"default","ast-global-header-display":"","ast-banner-title-visibility":"","ast-main-header-display":"","ast-hfb-above-header-display":"","ast-hfb-below-header-display":"","ast-hfb-mobile-header-display":"","site-post-title":"","ast-breadcrumbs-content":"","ast-featured-img":"","footer-sml-layout":"","ast-disable-related-posts":"","theme-transparent-header-meta":"","adv-header-id-meta":"","stick-header-meta":"","header-above-stick-meta":"","header-main-stick-meta":"","header-below-stick-meta":"","astra-migrate-meta-layouts":"set","ast-page-background-enabled":"default","ast-page-background-meta":{"desktop":{"background-color":"var(--ast-global-color-4)","background-image":"","background-repeat":"repeat","background-position":"center center","background-size":"auto","background-attachment":"scroll","background-type":"","background-media":"","overlay-type":"","overlay-color":"","overlay-opacity":"","overlay-gradient":""},"tablet":{"background-color":"","background-image":"","background-repeat":"repeat","background-position":"center center","background-size":"auto","background-attachment":"scroll","background-type":"","background-media":"","overlay-type":"","overlay-color":"","overlay-opacity":"","overlay-gradient":""},"mobile":{"background-color":"","background-image":"","background-repeat":"repeat","background-position":"center center","background-size":"auto","background-attachment":"scroll","background-type":"","background-media":"","overlay-type":"","overlay-color":"","overlay-opacity":"","overlay-gradient":""}},"ast-content-background-meta":{"desktop":{"background-color":"var(--ast-global-color-5)","background-image":"","background-repeat":"repeat","background-position":"center center","background-size":"auto","background-attachment":"scroll","background-type":"","background-media":"","overlay-type":"","overlay-color":"","overlay-opacity":"","overlay-gradient":""},"tablet":{"background-color":"var(--ast-global-color-5)","background-image":"","background-repeat":"repeat","background-position":"center center","background-size":"auto","background-attachment":"scroll","background-type":"","background-media":"","overlay-type":"","overlay-color":"","overlay-opacity":"","overlay-gradient":""},"mobile":{"background-color":"var(--ast-global-color-5)","background-image":"","background-repeat":"repeat","background-position":"center center","background-size":"auto","background-attachment":"scroll","background-type":"","background-media":"","overlay-type":"","overlay-color":"","overlay-opacity":"","overlay-gradient":""}},"footnotes":""},"class_list":["post-1483","page","type-page","status-publish","hentry"],"aioseo_notices":[],"_hostinger_reach_plugin_has_subscription_block":false,"_hostinger_reach_plugin_is_elementor":false,"uagb_featured_image_src":{"full":false,"thumbnail":false,"medium":false,"medium_large":false,"large":false,"1536x1536":false,"2048x2048":false,"trp-custom-language-flag":false},"uagb_author_info":{"display_name":"trytonano@hotmail.com","author_link":"https:\/\/hausbauenuruguay.com\/es\/author\/trytonanohotmail-com\/"},"uagb_comment_info":0,"uagb_excerpt":"Haus bauen Uruguay Tinyhouse mit Terrasse schl\u00fcsselfertig Bei Holzbau entwerfen und bauen wir \u00f6kologische, nachhaltige Wohnl\u00f6sungen, die an die aktuellenBed\u00fcrfnisse angepasst sind, und kombinieren dabei Qualit\u00e4t, Effizienz und Komfort. Wir verwenden das Wood-Frame-System, das weltweit f\u00fcr seine Energieeffizienz, Haltbarkeit undschnelle Ausf\u00fchrung bekannt ist. Wir verwenden behandeltes CCA-Kiefernholz oder das neue und \u00f6kologischere Holz MCA. Es&hellip;","_links":{"self":[{"href":"https:\/\/hausbauenuruguay.com\/es\/wp-json\/wp\/v2\/pages\/1483","targetHints":{"allow":["GET"]}}],"collection":[{"href":"https:\/\/hausbauenuruguay.com\/es\/wp-json\/wp\/v2\/pages"}],"about":[{"href":"https:\/\/hausbauenuruguay.com\/es\/wp-json\/wp\/v2\/types\/page"}],"author":[{"embeddable":true,"href":"https:\/\/hausbauenuruguay.com\/es\/wp-json\/wp\/v2\/users\/1"}],"replies":[{"embeddable":true,"href":"https:\/\/hausbauenuruguay.com\/es\/wp-json\/wp\/v2\/comments?post=1483"}],"version-history":[{"count":20,"href":"https:\/\/hausbauenuruguay.com\/es\/wp-json\/wp\/v2\/pages\/1483\/revisions"}],"predecessor-version":[{"id":1930,"href":"https:\/\/hausbauenuruguay.com\/es\/wp-json\/wp\/v2\/pages\/1483\/revisions\/1930"}],"wp:attachment":[{"href":"https:\/\/hausbauenuruguay.com\/es\/wp-json\/wp\/v2\/media?parent=1483"}],"curies":[{"name":"wp","href":"https:\/\/api.w.org\/{rel}","templated":true}]}}