{"id":14,"date":"2025-10-05T22:34:02","date_gmt":"2025-10-05T22:34:02","guid":{"rendered":"https:\/\/hausbauenuruguay.com\/faq\/"},"modified":"2025-12-03T20:59:48","modified_gmt":"2025-12-03T20:59:48","slug":"faq","status":"publish","type":"page","link":"https:\/\/hausbauenuruguay.com\/es\/faq\/","title":{"rendered":"FAQ"},"content":{"rendered":"<div class=\"wp-block-uagb-container uagb-block-7644e7bd alignfull uagb-is-root-container\"><div class=\"uagb-container-inner-blocks-wrap\">\n<div class=\"wp-block-uagb-advanced-heading uagb-block-91a347dc\"><h2 class=\"uagb-heading-text\">FAQ<\/h2><div class=\"uagb-separator\"><\/div><\/div>\n<\/div><\/div>\n\n\n\n<div class=\"wp-block-uagb-container uagb-block-e216c6a7 alignfull uagb-is-root-container\"><div class=\"uagb-container-inner-blocks-wrap\">\n<div class=\"wp-block-uagb-info-box uagb-block-a41ae806 uagb-infobox__content-wrap  uagb-infobox-icon-above-title uagb-infobox-image-valign-top wp-block-uagb-info-box--has-margin\"><div class=\"uagb-infobox-margin-wrapper\"><div class=\"uagb-ifb-content\"><div class=\"uagb-ifb-title-wrap\"><h6 class=\"uagb-ifb-title-prefix\">FAQ<\/h6><h2 class=\"uagb-ifb-title\">Frequently Asked Questions<\/h2><\/div><div class=\"uagb-ifb-separator\"><\/div><\/div><\/div><\/div>\n\n\n\n<div class=\"wp-block-uagb-container uagb-block-d2d9b30e alignfull uagb-is-root-container\"><div class=\"uagb-container-inner-blocks-wrap\">\n<h2 class=\"wp-block-heading\">Hausbau in Uruguay als Ausl\u00e4nder: Praktische Anleitung<\/h2>\n<\/div><\/div>\n<\/div><\/div>\n\n\n\n<div class=\"wp-block-uagb-container uagb-block-2233cea6 alignfull uagb-is-root-container\"><div class=\"uagb-container-inner-blocks-wrap\">\n<h3 class=\"wp-block-heading\">Von der Grundst\u00fcckswahl bis zur Bauabnahme \u2013 alle Schritte im \u00dcberblick<\/h3>\n\n\n\n<h3 class=\"wp-block-heading\">Einf\u00fchrung<\/h3>\n\n\n\n<p>Um in Uruguay legal ein Haus zu bauen, m\u00fcssen Ausl\u00e4nder bestimmte Schritte befolgen: Grundst\u00fcckskauf, Projektplanung mit einem Fachmann, Einholung der Baugenehmigung bei der zust\u00e4ndigen Intendencia sowie die Erf\u00fcllung von Registrierungs- und Meldepflichten bei Beh\u00f6rden wie dem BPS (Sozialversicherung) und der DGI (Steuerbeh\u00f6rde). Abschlie\u00dfend ist die Ausstellung des endg\u00fcltigen Bauzertifikats erforderlich. Alles, was Sie im Folgenden lesen, wird Ihnen wie &#8222;Spanische D\u00f6rfer&#8220; erscheinen. Und es ist auch f\u00fcr den H\u00e4uslebauer in Uruguay so. Um nicht im Sumpf des Beamtenapparats zu versinken, \u00fcbernehmen wir daher jeden anfallenden Papierkram f\u00fcr Sie. Ab und zu m\u00fcssen Sie selbst einmal einen Antrag unterschreiben, aber auch dabei nehmen wir Sie an der Hand. Legen Sie ganz beruhigt Ihre Bauplanung und Antragstellung in unsere H\u00e4nde.<\/p>\n\n\n\n<h3 class=\"wp-block-heading\">1. Kauf und Planung<\/h3>\n\n\n\n<ul class=\"wp-block-list\">\n<li><strong><a href=\"https:\/\/butiaimmobilien.com\/\" target=\"_blank\" rel=\"noopener nofollow\" title=\"\">Grundst\u00fcck erwerben<\/a>:<\/strong> Sicherstellen, dass keine Einschr\u00e4nkungen bestehen und die endg\u00fcltige Eigentumsurkunde vorliegt. Unsere deutschsprechenden Notare achten darauf, dass Sie NUR &#8222;saubere&#8220; Immobilien bzw. Grundst\u00fccke kaufen. <\/li>\n\n\n\n<li><strong>Wasserversorgung:<\/strong> Wasserz\u00e4hler bei OSE beantragen oder eine Bohrung durchf\u00fchren.<\/li>\n\n\n\n<li><strong>Stromanschluss:<\/strong> Vorl\u00e4ufigen Baustrom bei UTE \u00fcber einen zertifizierten Elektriker beantragen. \u00dcbernehmen teilweise wir. Sie m\u00fcssen gegebenenfalls unterschreiben.<\/li>\n\n\n\n<li><strong>Projekt entwerfen:<\/strong> Einen Architekten oder Ingenieur beauftragen, der die Pl\u00e4ne und die beschreibende Dokumentation erstellt und diese bei der zust\u00e4ndigen Intendencia einreicht.<\/li>\n<\/ul>\n\n\n\n<h3 class=\"wp-block-heading\">2. Genehmigungen und Registrierungen<\/h3>\n\n\n\n<ul class=\"wp-block-list\">\n<li><strong>Baugenehmigung einholen:<\/strong> Einreichung der Pl\u00e4ne und der Dokumentation bei der Intendencia des jeweiligen Departamentos.<\/li>\n\n\n\n<li><strong>Weitere Genehmigungen:<\/strong> Je nach Situation k\u00f6nnen zus\u00e4tzliche Genehmigungen erforderlich sein (z. B. Bodennutzung, Abriss oder Anschluss an \u00f6ffentliche Dienste).<\/li>\n\n\n\n<li><strong>Registrierung beim BPS:<\/strong> Anmeldung der Baustelle zur Meldung der Arbeiter und Erf\u00fcllung der Sozialversicherungspflichten. Dies kann in Eigenverwaltung oder \u00fcber Vertrag erfolgen (hier im Beispiel: Verwaltung).<\/li>\n<\/ul>\n\n\n\n<figure class=\"wp-block-image size-large is-resized\"><img loading=\"lazy\" decoding=\"async\" width=\"1024\" height=\"576\" src=\"https:\/\/hausbauenuruguay.com\/wp-content\/uploads\/2025\/12\/IMG-20251031-WA0056-1-1024x576.jpg\" alt=\"img 20251031 wa0056 (1)\" class=\"wp-image-1844\" style=\"width:736px;height:auto\" title=\"FAQ\" srcset=\"https:\/\/hausbauenuruguay.com\/wp-content\/uploads\/2025\/12\/IMG-20251031-WA0056-1-1024x576.jpg 1024w, https:\/\/hausbauenuruguay.com\/wp-content\/uploads\/2025\/12\/IMG-20251031-WA0056-1-300x169.jpg 300w, https:\/\/hausbauenuruguay.com\/wp-content\/uploads\/2025\/12\/IMG-20251031-WA0056-1-768x432.jpg 768w, https:\/\/hausbauenuruguay.com\/wp-content\/uploads\/2025\/12\/IMG-20251031-WA0056-1-1536x864.jpg 1536w, https:\/\/hausbauenuruguay.com\/wp-content\/uploads\/2025\/12\/IMG-20251031-WA0056-1.jpg 1600w\" sizes=\"auto, (max-width: 1024px) 100vw, 1024px\" \/><\/figure>\n\n\n\n<h3 class=\"wp-block-heading\">3. Bau und Kontrolle<\/h3>\n\n\n\n<ul class=\"wp-block-list\">\n<li><strong>Baubeginn:<\/strong> Nach Erhalt der Baugenehmigung kann die Bauausf\u00fchrung starten. Das Datum des Beginns ist f\u00fcr sp\u00e4tere Formalit\u00e4ten wichtig.<\/li>\n\n\n\n<li><strong>Einhaltung der Vorschriften:<\/strong> Bau nach genehmigten Pl\u00e4nen und unter Beachtung aller lokalen Bauvorschriften.<\/li>\n<\/ul>\n\n\n\n<h3 class=\"wp-block-heading\">4. Fertigstellung der Bauarbeiten<\/h3>\n\n\n\n<ul class=\"wp-block-list\">\n<li><strong>Zertifikat der Fertigstellung:<\/strong> Nach Abschluss der Bauarbeiten muss bei der Intendencia das endg\u00fcltige Bauzertifikat beantragt werden.<\/li>\n\n\n\n<li><strong>Endg\u00fcltige Registrierung:<\/strong> Die Eintragung des Bauwerks bei der Direcci\u00f3n Nacional de Catastro und der Intendencia ist Voraussetzung f\u00fcr zuk\u00fcnftige rechtliche und administrative Vorg\u00e4nge.<\/li>\n<\/ul>\n\n\n\n<h2 class=\"wp-block-heading\">Wie kaufen Sie eine Immobilie in Uruguay?<\/h2>\n\n\n\n<p class=\"has-large-font-size\"><a href=\"https:\/\/butiaimmobilien.com\/immobilien-kaufen-in-uruguay-was-sie-wissen-mussen\/\" target=\"_blank\" rel=\"noopener nofollow\" title=\"\">Immobilien kaufen in Uruguay \u2013 Was Sie wissen m\u00fcssen &#8211; ButiaImmobilien by PuntoRio &#8211; Immobilien kaufen in Uru<\/a><a href=\"https:\/\/butiaimmobilien.com\/immobilien-kaufen-in-uruguay-was-sie-wissen-mussen\/\">guay<\/a><\/p>\n\n\n\n<h2 class=\"wp-block-heading\">Warum Sie in Uruguay nicht selbst ein Haus bauen d\u00fcRfen<\/h2>\n\n\n\n<p>Wichtige Erkl\u00e4rung zu dem Thema: Was m\u00fcssen Sie beachten, wenn Sie selber in Uruguay H\u00e4user konstruieren wollen. D\u00fcrfen Sie das \u00fcberhaupt? Hier im <a href=\"https:\/\/butiaimmobilien.com\/property\/selber-haus-bauen-in-uruguay-was-muss-ich-dabei-beachten\/\" target=\"_blank\" rel=\"noopener nofollow\" title=\"\">Link <\/a>alle Erkl\u00e4rungen dazu. <\/p>\n\n\n\n<h2 class=\"wp-block-heading\">Wichtige Links und Informationen<\/h2>\n\n\n\n<a href=\"https:\/\/www.uruguay-erleben.de\/uruguay-hausbau-beste-baumaterialien-und-kosten-aktuell\/\" target=\"_blank\" rel=\"nofollow noopener noreferrer\">Uruguay Hausbau &#8211; Beste Baumaterialien und Kosten<\/a>\n<br>\n<br>\n\n<a href=\"https:\/\/butiaimmobilien.com\/uruguay-gesetze-fur-die-bebauung-landwirtschaftlicher-flachen\/\" target=\"_blank\" rel=\"nofollow noopener noreferrer\">Uruguay: Gesetze f\u00fcr die Bebauung landwirtschaftlicher Fl\u00e4chen<\/a>\n<br>\n<br>\n<a href=\"https:\/\/butiaimmobilien.com\/property\/selber-haus-bauen-in-uruguay-was-muss-ich-dabei-beachten\/\" target=\"_blank\" rel=\"nofollow noopener noreferrer\">selber Haus bauen in Uruguay \u2013 was muss ich dabei beachten<\/a>\n<br>\n<br>\n<a href='https:\/\/butiaimmobilien.com\/deutsche-einwanderer-kaufen-in-paloma-uruguay-immobilien\/' rel='nofollow noopener noreferrer' target='_blank'>Deutsche Einwanderer kaufen Immobilien in La Paloma Uruguay<\/a>\n<br>\n<br>\n<a href=\"https:\/\/butiaimmobilien.com\/uruguay-immobilienkauf-fragen-und-antworten\/\" target=\"_blank\" rel=\"nofollow noopener noreferrer\">FAQ &#8211; ButiaImmobilien by PuntoRio &#8211; Immobilien kaufen in Uruguay<\/a>\n<a href='https:\/\/www.uruguay-erleben.de\/uruguay-auswandern-beratung-online\/' rel='nofollow noopener noreferrer' target='_blank'>Uruguay Auswandern Beratung online<\/a>\n<br>\n<br>\n<a href='https:\/\/www.uruguay-erleben.de\/nach-uruguay-auswandern-mit-einer-individuellen-einwanderer-reise-planen\/' rel='nofollow noopener noreferrer' target='_blank'>Nach Uruguay auswandern mit einer individuellen Einwanderer Reise planen<\/a>\n<br>\n<br>\n<a href='https:\/\/butiaimmobilien.com\/uruguay-immobilienmarkt-2025-steigen-die-immobilienpreise\/' rel='nofollow noopener noreferrer' target='_blank'>Uruguay Immobilienmarkt 2025 &#8211; steigen die Preise?<\/a>\n<br>\n<br>\n<a href='https:\/\/www.uruguay-erleben.de\/uruguay-auswandern-beratung-online\/' rel='nofollow noopener noreferrer' target='_blank'>Uruguay Auswandern Beratung online<\/a>\n<br>\n<br>\n<a href='https:\/\/www.uruguay-erleben.de\/nach-uruguay-auswandern-mit-einer-individuellen-einwanderer-reise-planen\/' rel='nofollow noopener noreferrer' target='_blank'>Nach Uruguay auswandern mit einer individuellen Einwanderer Reise planen<\/a>\n<br>\n<br>\n<\/div><\/div>\n\n\n\n<p><\/p>","protected":false},"excerpt":{"rendered":"<p>FAQ Hausbau in Uruguay als Ausl\u00e4nder: Praktische Anleitung Von der Grundst\u00fcckswahl bis zur Bauabnahme \u2013 alle Schritte im \u00dcberblick Einf\u00fchrung Um in Uruguay legal ein Haus zu bauen, m\u00fcssen Ausl\u00e4nder bestimmte Schritte befolgen: Grundst\u00fcckskauf, Projektplanung mit einem Fachmann, Einholung der Baugenehmigung bei der zust\u00e4ndigen Intendencia sowie die Erf\u00fcllung von Registrierungs- und Meldepflichten bei Beh\u00f6rden wie [&hellip;]<\/p>\n","protected":false},"author":1,"featured_media":0,"parent":0,"menu_order":0,"comment_status":"closed","ping_status":"closed","template":"","meta":{"_uag_custom_page_level_css":"","site-sidebar-layout":"default","site-content-layout":"","ast-site-content-layout":"default","site-content-style":"default","site-sidebar-style":"default","ast-global-header-display":"","ast-banner-title-visibility":"","ast-main-header-display":"","ast-hfb-above-header-display":"","ast-hfb-below-header-display":"","ast-hfb-mobile-header-display":"","site-post-title":"disabled","ast-breadcrumbs-content":"","ast-featured-img":"","footer-sml-layout":"","ast-disable-related-posts":"","theme-transparent-header-meta":"enabled","adv-header-id-meta":"","stick-header-meta":"","header-above-stick-meta":"","header-main-stick-meta":"","header-below-stick-meta":"","astra-migrate-meta-layouts":"set","ast-page-background-enabled":"default","ast-page-background-meta":{"desktop":{"background-color":"var(--ast-global-color-4)","background-image":"","background-repeat":"repeat","background-position":"center center","background-size":"auto","background-attachment":"scroll","background-type":"","background-media":"","overlay-type":"","overlay-color":"","overlay-opacity":"","overlay-gradient":""},"tablet":{"background-color":"","background-image":"","background-repeat":"repeat","background-position":"center center","background-size":"auto","background-attachment":"scroll","background-type":"","background-media":"","overlay-type":"","overlay-color":"","overlay-opacity":"","overlay-gradient":""},"mobile":{"background-color":"","background-image":"","background-repeat":"repeat","background-position":"center center","background-size":"auto","background-attachment":"scroll","background-type":"","background-media":"","overlay-type":"","overlay-color":"","overlay-opacity":"","overlay-gradient":""}},"ast-content-background-meta":{"desktop":{"background-color":"var(--ast-global-color-5)","background-image":"","background-repeat":"repeat","background-position":"center center","background-size":"auto","background-attachment":"scroll","background-type":"","background-media":"","overlay-type":"","overlay-color":"","overlay-opacity":"","overlay-gradient":""},"tablet":{"background-color":"var(--ast-global-color-5)","background-image":"","background-repeat":"repeat","background-position":"center center","background-size":"auto","background-attachment":"scroll","background-type":"","background-media":"","overlay-type":"","overlay-color":"","overlay-opacity":"","overlay-gradient":""},"mobile":{"background-color":"var(--ast-global-color-5)","background-image":"","background-repeat":"repeat","background-position":"center center","background-size":"auto","background-attachment":"scroll","background-type":"","background-media":"","overlay-type":"","overlay-color":"","overlay-opacity":"","overlay-gradient":""}},"footnotes":""},"class_list":["post-14","page","type-page","status-publish","hentry"],"aioseo_notices":[],"_hostinger_reach_plugin_has_subscription_block":false,"_hostinger_reach_plugin_is_elementor":false,"uagb_featured_image_src":{"full":false,"thumbnail":false,"medium":false,"medium_large":false,"large":false,"1536x1536":false,"2048x2048":false,"trp-custom-language-flag":false},"uagb_author_info":{"display_name":"trytonano@hotmail.com","author_link":"https:\/\/hausbauenuruguay.com\/es\/author\/trytonanohotmail-com\/"},"uagb_comment_info":0,"uagb_excerpt":"FAQ Hausbau in Uruguay als Ausl\u00e4nder: Praktische Anleitung Von der Grundst\u00fcckswahl bis zur Bauabnahme \u2013 alle Schritte im \u00dcberblick Einf\u00fchrung Um in Uruguay legal ein Haus zu bauen, m\u00fcssen Ausl\u00e4nder bestimmte Schritte befolgen: Grundst\u00fcckskauf, Projektplanung mit einem Fachmann, Einholung der Baugenehmigung bei der zust\u00e4ndigen Intendencia sowie die Erf\u00fcllung von Registrierungs- und Meldepflichten bei Beh\u00f6rden wie&hellip;","_links":{"self":[{"href":"https:\/\/hausbauenuruguay.com\/es\/wp-json\/wp\/v2\/pages\/14","targetHints":{"allow":["GET"]}}],"collection":[{"href":"https:\/\/hausbauenuruguay.com\/es\/wp-json\/wp\/v2\/pages"}],"about":[{"href":"https:\/\/hausbauenuruguay.com\/es\/wp-json\/wp\/v2\/types\/page"}],"author":[{"embeddable":true,"href":"https:\/\/hausbauenuruguay.com\/es\/wp-json\/wp\/v2\/users\/1"}],"replies":[{"embeddable":true,"href":"https:\/\/hausbauenuruguay.com\/es\/wp-json\/wp\/v2\/comments?post=14"}],"version-history":[{"count":10,"href":"https:\/\/hausbauenuruguay.com\/es\/wp-json\/wp\/v2\/pages\/14\/revisions"}],"predecessor-version":[{"id":1887,"href":"https:\/\/hausbauenuruguay.com\/es\/wp-json\/wp\/v2\/pages\/14\/revisions\/1887"}],"wp:attachment":[{"href":"https:\/\/hausbauenuruguay.com\/es\/wp-json\/wp\/v2\/media?parent=14"}],"curies":[{"name":"wp","href":"https:\/\/api.w.org\/{rel}","templated":true}]}}